{"id":800917,"date":"2025-11-17T10:52:34","date_gmt":"2025-11-17T09:52:34","guid":{"rendered":"https:\/\/custom-gear.ch\/?post_type=product&#038;p=800917"},"modified":"2026-01-07T13:52:52","modified_gmt":"2026-01-07T12:52:52","slug":"bladetech-sting-ray-loop","status":"publish","type":"product","link":"https:\/\/custom-gear.ch\/en\/artikel\/bladetech-sting-ray-loop\/","title":{"rendered":"BLADETECH STING RAY LOOP"},"content":{"rendered":"<p>Der verstellbare Stingray-Loop bietet eine stabile Plattform, um Holster an deinem G\u00fcrtel zu befestigen. Mit seinen breiten Fl\u00fcgeln sorgt der ASR f\u00fcr grossfl\u00e4chigen Kontakt zwischen der Halterung und deinem G\u00fcrtel. Ausserdem erm\u00f6glicht das mitgelieferte Zwischenst\u00fcck, die Passform exakt an deinen G\u00fcrtel anzupassen.<\/p>\n<p>Justierbar f\u00fcr G\u00fcrtel: 38mm bis 57mm<\/p>","protected":false},"excerpt":{"rendered":"<p>Der verstellbare Stingray-Loop bietet eine stabile Plattform, um Holster an deinem G\u00fcrtel zu befestigen. Mit seinen breiten Fl\u00fcgeln sorgt der ASR f\u00fcr grossfl\u00e4chigen Kontakt zwischen der Halterung und deinem G\u00fcrtel. Ausserdem erm\u00f6glicht das mitgelieferte Zwischenst\u00fcck, die Passform exakt an deinen G\u00fcrtel anzupassen. Justierbar f\u00fcr G\u00fcrtel: 38mm bis 57mm<\/p>","protected":false},"featured_media":800970,"template":"","meta":{"site-sidebar-layout":"default","site-content-layout":"","ast-site-content-layout":"default","site-content-style":"default","site-sidebar-style":"default","ast-global-header-display":"","ast-banner-title-visibility":"","ast-main-header-display":"","ast-hfb-above-header-display":"","ast-hfb-below-header-display":"","ast-hfb-mobile-header-display":"","site-post-title":"","ast-breadcrumbs-content":"","ast-featured-img":"","footer-sml-layout":"","ast-disable-related-posts":"","theme-transparent-header-meta":"default","adv-header-id-meta":"","stick-header-meta":"","header-above-stick-meta":"","header-main-stick-meta":"","header-below-stick-meta":"","astra-migrate-meta-layouts":"set","ast-page-background-enabled":"default","ast-page-background-meta":{"desktop":{"background-color":"","background-image":"","background-repeat":"repeat","background-position":"center center","background-size":"auto","background-attachment":"scroll","background-type":"","background-media":"","overlay-type":"","overlay-color":"","overlay-opacity":"","overlay-gradient":""},"tablet":{"background-color":"","background-image":"","background-repeat":"repeat","background-position":"center center","background-size":"auto","background-attachment":"scroll","background-type":"","background-media":"","overlay-type":"","overlay-color":"","overlay-opacity":"","overlay-gradient":""},"mobile":{"background-color":"","background-image":"","background-repeat":"repeat","background-position":"center center","background-size":"auto","background-attachment":"scroll","background-type":"","background-media":"","overlay-type":"","overlay-color":"","overlay-opacity":"","overlay-gradient":""}},"ast-content-background-meta":{"desktop":{"background-color":"var(--ast-global-color-5)","background-image":"","background-repeat":"repeat","background-position":"center center","background-size":"auto","background-attachment":"scroll","background-type":"","background-media":"","overlay-type":"","overlay-color":"","overlay-opacity":"","overlay-gradient":""},"tablet":{"background-color":"var(--ast-global-color-5)","background-image":"","background-repeat":"repeat","background-position":"center center","background-size":"auto","background-attachment":"scroll","background-type":"","background-media":"","overlay-type":"","overlay-color":"","overlay-opacity":"","overlay-gradient":""},"mobile":{"background-color":"var(--ast-global-color-5)","background-image":"","background-repeat":"repeat","background-position":"center center","background-size":"auto","background-attachment":"scroll","background-type":"","background-media":"","overlay-type":"","overlay-color":"","overlay-opacity":"","overlay-gradient":""}},"pgc_sgb_lightbox_settings":""},"product_brand":[],"product_cat":[180],"product_tag":[],"class_list":{"0":"post-800917","1":"product","2":"type-product","3":"status-publish","4":"has-post-thumbnail","6":"product_cat-gurtsteg","7":"desktop-align-left","8":"tablet-align-left","9":"mobile-align-left","11":"first","12":"instock","13":"shipping-taxable","14":"purchasable","15":"product-type-simple"},"yoast_head":"<!-- This site is optimized with the Yoast SEO plugin v27.5 - https:\/\/yoast.com\/product\/yoast-seo-wordpress\/ -->\n<title>BLADETECH STING RAY LOOP - Custom Gear Solutions<\/title>\n<meta name=\"description\" content=\"Der verstellbare Stingray-Loop bietet eine stabile Plattform, um Holster an deinem G\u00fcrtel zu befestigen\" \/>\n<meta name=\"robots\" content=\"index, follow, max-snippet:-1, max-image-preview:large, max-video-preview:-1\" \/>\n<link rel=\"canonical\" href=\"https:\/\/custom-gear.ch\/en\/artikel\/bladetech-sting-ray-loop\/\" \/>\n<meta property=\"og:locale\" content=\"en_US\" \/>\n<meta property=\"og:type\" content=\"article\" \/>\n<meta property=\"og:title\" content=\"BLADETECH STING RAY LOOP - Custom Gear Solutions\" \/>\n<meta property=\"og:description\" content=\"Der verstellbare Stingray-Loop bietet eine stabile Plattform, um Holster an deinem G\u00fcrtel zu befestigen\" \/>\n<meta property=\"og:url\" content=\"https:\/\/custom-gear.ch\/en\/artikel\/bladetech-sting-ray-loop\/\" \/>\n<meta property=\"og:site_name\" content=\"Custom Gear Solutions\" \/>\n<meta property=\"article:modified_time\" content=\"2026-01-07T12:52:52+00:00\" \/>\n<meta property=\"og:image\" content=\"https:\/\/custom-gear.ch\/wp-content\/uploads\/2025\/11\/ACCX0072AA0026AMB.jpeg\" \/>\n\t<meta property=\"og:image:width\" content=\"1024\" \/>\n\t<meta property=\"og:image:height\" content=\"1024\" \/>\n\t<meta property=\"og:image:type\" content=\"image\/jpeg\" \/>\n<meta name=\"twitter:card\" content=\"summary_large_image\" \/>\n<meta name=\"twitter:label1\" content=\"Est. reading time\" \/>\n\t<meta name=\"twitter:data1\" content=\"1 minute\" \/>\n<script type=\"application\/ld+json\" class=\"yoast-schema-graph\">{\"@context\":\"https:\\\/\\\/schema.org\",\"@graph\":[{\"@type\":\"WebPage\",\"@id\":\"https:\\\/\\\/custom-gear.ch\\\/artikel\\\/bladetech-sting-ray-loop\\\/\",\"url\":\"https:\\\/\\\/custom-gear.ch\\\/artikel\\\/bladetech-sting-ray-loop\\\/\",\"name\":\"BLADETECH STING RAY LOOP - Custom Gear Solutions\",\"isPartOf\":{\"@id\":\"https:\\\/\\\/custom-gear.ch\\\/#website\"},\"primaryImageOfPage\":{\"@id\":\"https:\\\/\\\/custom-gear.ch\\\/artikel\\\/bladetech-sting-ray-loop\\\/#primaryimage\"},\"image\":{\"@id\":\"https:\\\/\\\/custom-gear.ch\\\/artikel\\\/bladetech-sting-ray-loop\\\/#primaryimage\"},\"thumbnailUrl\":\"https:\\\/\\\/custom-gear.ch\\\/wp-content\\\/uploads\\\/2025\\\/11\\\/ACCX0072AA0026AMB.jpeg\",\"datePublished\":\"2025-11-17T09:52:34+00:00\",\"dateModified\":\"2026-01-07T12:52:52+00:00\",\"description\":\"Der verstellbare Stingray-Loop bietet eine stabile Plattform, um Holster an deinem G\u00fcrtel zu befestigen\",\"breadcrumb\":{\"@id\":\"https:\\\/\\\/custom-gear.ch\\\/artikel\\\/bladetech-sting-ray-loop\\\/#breadcrumb\"},\"inLanguage\":\"en-US\",\"potentialAction\":[{\"@type\":\"ReadAction\",\"target\":[\"https:\\\/\\\/custom-gear.ch\\\/artikel\\\/bladetech-sting-ray-loop\\\/\"]}]},{\"@type\":\"ImageObject\",\"inLanguage\":\"en-US\",\"@id\":\"https:\\\/\\\/custom-gear.ch\\\/artikel\\\/bladetech-sting-ray-loop\\\/#primaryimage\",\"url\":\"https:\\\/\\\/custom-gear.ch\\\/wp-content\\\/uploads\\\/2025\\\/11\\\/ACCX0072AA0026AMB.jpeg\",\"contentUrl\":\"https:\\\/\\\/custom-gear.ch\\\/wp-content\\\/uploads\\\/2025\\\/11\\\/ACCX0072AA0026AMB.jpeg\",\"width\":1024,\"height\":1024},{\"@type\":\"BreadcrumbList\",\"@id\":\"https:\\\/\\\/custom-gear.ch\\\/artikel\\\/bladetech-sting-ray-loop\\\/#breadcrumb\",\"itemListElement\":[{\"@type\":\"ListItem\",\"position\":1,\"name\":\"Startseite\",\"item\":\"https:\\\/\\\/custom-gear.ch\\\/\"},{\"@type\":\"ListItem\",\"position\":2,\"name\":\"Shop\",\"item\":\"https:\\\/\\\/custom-gear.ch\\\/shop\\\/\"},{\"@type\":\"ListItem\",\"position\":3,\"name\":\"BLADETECH STING RAY LOOP\"}]},{\"@type\":\"WebSite\",\"@id\":\"https:\\\/\\\/custom-gear.ch\\\/#website\",\"url\":\"https:\\\/\\\/custom-gear.ch\\\/\",\"name\":\"Custom Gear Solutions - Kydex Holster\",\"description\":\"Swiss Made Kydex Holster\",\"publisher\":{\"@id\":\"https:\\\/\\\/custom-gear.ch\\\/#organization\"},\"potentialAction\":[{\"@type\":\"SearchAction\",\"target\":{\"@type\":\"EntryPoint\",\"urlTemplate\":\"https:\\\/\\\/custom-gear.ch\\\/?s={search_term_string}\"},\"query-input\":{\"@type\":\"PropertyValueSpecification\",\"valueRequired\":true,\"valueName\":\"search_term_string\"}}],\"inLanguage\":\"en-US\"},{\"@type\":\"Organization\",\"@id\":\"https:\\\/\\\/custom-gear.ch\\\/#organization\",\"name\":\"Custom Gear Solutions - Kydex Holster\",\"url\":\"https:\\\/\\\/custom-gear.ch\\\/\",\"logo\":{\"@type\":\"ImageObject\",\"inLanguage\":\"en-US\",\"@id\":\"https:\\\/\\\/custom-gear.ch\\\/#\\\/schema\\\/logo\\\/image\\\/\",\"url\":\"https:\\\/\\\/i0.wp.com\\\/custom-gear.ch\\\/wp-content\\\/uploads\\\/2021\\\/01\\\/Logo_PNG_BLACK.png?fit=1800%2C1070&ssl=1\",\"contentUrl\":\"https:\\\/\\\/i0.wp.com\\\/custom-gear.ch\\\/wp-content\\\/uploads\\\/2021\\\/01\\\/Logo_PNG_BLACK.png?fit=1800%2C1070&ssl=1\",\"width\":1800,\"height\":1070,\"caption\":\"Custom Gear Solutions - Kydex Holster\"},\"image\":{\"@id\":\"https:\\\/\\\/custom-gear.ch\\\/#\\\/schema\\\/logo\\\/image\\\/\"},\"sameAs\":[\"https:\\\/\\\/www.instagram.com\\\/custom_gear.ch\\\/\"]}]}<\/script>\n<!-- \/ Yoast SEO plugin. -->","yoast_head_json":{"title":"BLADETECH STING RAY LOOP - Custom Gear Solutions","description":"Der verstellbare Stingray-Loop bietet eine stabile Plattform, um Holster an deinem G\u00fcrtel zu befestigen","robots":{"index":"index","follow":"follow","max-snippet":"max-snippet:-1","max-image-preview":"max-image-preview:large","max-video-preview":"max-video-preview:-1"},"canonical":"https:\/\/custom-gear.ch\/en\/artikel\/bladetech-sting-ray-loop\/","og_locale":"en_US","og_type":"article","og_title":"BLADETECH STING RAY LOOP - Custom Gear Solutions","og_description":"Der verstellbare Stingray-Loop bietet eine stabile Plattform, um Holster an deinem G\u00fcrtel zu befestigen","og_url":"https:\/\/custom-gear.ch\/en\/artikel\/bladetech-sting-ray-loop\/","og_site_name":"Custom Gear Solutions","article_modified_time":"2026-01-07T12:52:52+00:00","og_image":[{"width":1024,"height":1024,"url":"https:\/\/custom-gear.ch\/wp-content\/uploads\/2025\/11\/ACCX0072AA0026AMB.jpeg","type":"image\/jpeg"}],"twitter_card":"summary_large_image","twitter_misc":{"Est. reading time":"1 minute"},"schema":{"@context":"https:\/\/schema.org","@graph":[{"@type":"WebPage","@id":"https:\/\/custom-gear.ch\/artikel\/bladetech-sting-ray-loop\/","url":"https:\/\/custom-gear.ch\/artikel\/bladetech-sting-ray-loop\/","name":"BLADETECH STING RAY LOOP - Custom Gear Solutions","isPartOf":{"@id":"https:\/\/custom-gear.ch\/#website"},"primaryImageOfPage":{"@id":"https:\/\/custom-gear.ch\/artikel\/bladetech-sting-ray-loop\/#primaryimage"},"image":{"@id":"https:\/\/custom-gear.ch\/artikel\/bladetech-sting-ray-loop\/#primaryimage"},"thumbnailUrl":"https:\/\/custom-gear.ch\/wp-content\/uploads\/2025\/11\/ACCX0072AA0026AMB.jpeg","datePublished":"2025-11-17T09:52:34+00:00","dateModified":"2026-01-07T12:52:52+00:00","description":"Der verstellbare Stingray-Loop bietet eine stabile Plattform, um Holster an deinem G\u00fcrtel zu befestigen","breadcrumb":{"@id":"https:\/\/custom-gear.ch\/artikel\/bladetech-sting-ray-loop\/#breadcrumb"},"inLanguage":"en-US","potentialAction":[{"@type":"ReadAction","target":["https:\/\/custom-gear.ch\/artikel\/bladetech-sting-ray-loop\/"]}]},{"@type":"ImageObject","inLanguage":"en-US","@id":"https:\/\/custom-gear.ch\/artikel\/bladetech-sting-ray-loop\/#primaryimage","url":"https:\/\/custom-gear.ch\/wp-content\/uploads\/2025\/11\/ACCX0072AA0026AMB.jpeg","contentUrl":"https:\/\/custom-gear.ch\/wp-content\/uploads\/2025\/11\/ACCX0072AA0026AMB.jpeg","width":1024,"height":1024},{"@type":"BreadcrumbList","@id":"https:\/\/custom-gear.ch\/artikel\/bladetech-sting-ray-loop\/#breadcrumb","itemListElement":[{"@type":"ListItem","position":1,"name":"Startseite","item":"https:\/\/custom-gear.ch\/"},{"@type":"ListItem","position":2,"name":"Shop","item":"https:\/\/custom-gear.ch\/shop\/"},{"@type":"ListItem","position":3,"name":"BLADETECH STING RAY LOOP"}]},{"@type":"WebSite","@id":"https:\/\/custom-gear.ch\/#website","url":"https:\/\/custom-gear.ch\/","name":"Custom Gear Solutions - Kydex Holster","description":"Swiss Made Kydex Holster","publisher":{"@id":"https:\/\/custom-gear.ch\/#organization"},"potentialAction":[{"@type":"SearchAction","target":{"@type":"EntryPoint","urlTemplate":"https:\/\/custom-gear.ch\/?s={search_term_string}"},"query-input":{"@type":"PropertyValueSpecification","valueRequired":true,"valueName":"search_term_string"}}],"inLanguage":"en-US"},{"@type":"Organization","@id":"https:\/\/custom-gear.ch\/#organization","name":"Custom Gear Solutions - Kydex Holster","url":"https:\/\/custom-gear.ch\/","logo":{"@type":"ImageObject","inLanguage":"en-US","@id":"https:\/\/custom-gear.ch\/#\/schema\/logo\/image\/","url":"https:\/\/i0.wp.com\/custom-gear.ch\/wp-content\/uploads\/2021\/01\/Logo_PNG_BLACK.png?fit=1800%2C1070&ssl=1","contentUrl":"https:\/\/i0.wp.com\/custom-gear.ch\/wp-content\/uploads\/2021\/01\/Logo_PNG_BLACK.png?fit=1800%2C1070&ssl=1","width":1800,"height":1070,"caption":"Custom Gear Solutions - Kydex Holster"},"image":{"@id":"https:\/\/custom-gear.ch\/#\/schema\/logo\/image\/"},"sameAs":["https:\/\/www.instagram.com\/custom_gear.ch\/"]}]}},"jetpack_sharing_enabled":true,"_links":{"self":[{"href":"https:\/\/custom-gear.ch\/en\/wp-json\/wp\/v2\/product\/800917","targetHints":{"allow":["GET"]}}],"collection":[{"href":"https:\/\/custom-gear.ch\/en\/wp-json\/wp\/v2\/product"}],"about":[{"href":"https:\/\/custom-gear.ch\/en\/wp-json\/wp\/v2\/types\/product"}],"version-history":[{"count":2,"href":"https:\/\/custom-gear.ch\/en\/wp-json\/wp\/v2\/product\/800917\/revisions"}],"predecessor-version":[{"id":800920,"href":"https:\/\/custom-gear.ch\/en\/wp-json\/wp\/v2\/product\/800917\/revisions\/800920"}],"wp:featuredmedia":[{"embeddable":true,"href":"https:\/\/custom-gear.ch\/en\/wp-json\/wp\/v2\/media\/800970"}],"wp:attachment":[{"href":"https:\/\/custom-gear.ch\/en\/wp-json\/wp\/v2\/media?parent=800917"}],"wp:term":[{"taxonomy":"product_brand","embeddable":true,"href":"https:\/\/custom-gear.ch\/en\/wp-json\/wp\/v2\/product_brand?post=800917"},{"taxonomy":"product_cat","embeddable":true,"href":"https:\/\/custom-gear.ch\/en\/wp-json\/wp\/v2\/product_cat?post=800917"},{"taxonomy":"product_tag","embeddable":true,"href":"https:\/\/custom-gear.ch\/en\/wp-json\/wp\/v2\/product_tag?post=800917"}],"curies":[{"name":"wp","href":"https:\/\/api.w.org\/{rel}","templated":true}]}}