{"id":714884,"date":"2024-11-06T13:46:48","date_gmt":"2024-11-06T12:46:48","guid":{"rendered":"https:\/\/custom-gear.ch\/?post_type=product&#038;p=714884"},"modified":"2025-10-04T16:54:47","modified_gmt":"2025-10-04T14:54:47","slug":"springfield","status":"publish","type":"product","link":"https:\/\/custom-gear.ch\/en\/artikel\/springfield\/","title":{"rendered":"SPRINGFIELD MAG CARRIER"},"content":{"rendered":"<p>Single Mag Carrier can be mounted anywhere on the belt.<\/p>\n<p>The laser engravings in the photos are for illustrative purposes only. Holsters and magazine holders are always manufactured without laser engraving. If you would like a custom engraving, you can add this service to your order.<\/p>\n<p>When selecting BELT LOOP (example photo 2) please specify the thickness and width of the belt (comment field during checkout).<br \/>\n***Please note that if you select one of the IWB clips as a mounting option, it is assumed that you want to wear the holder concealed (inside of the waistband).<\/p>\n<p>If you are right-handed, please choose RIGHT HAND under USER<br \/>\nIf you are left-handed, please choose LEFT HAND under USER<\/p>\n<p>Retention can be adjusted with one screw.<\/p>\n<p>&nbsp;<\/p>","protected":false},"excerpt":{"rendered":"<p>Einzel Magazinhalter flexibel am Gurt montierbar. Die Gravuren in den Fotos dienen lediglich f\u00fcr Illustrationszwecke. Holster &amp; Magazinhalter werden immer ohne Gravuren hergestellt. Wenn du eine Custom-Gravur m\u00f6chtest kannst du den Service gerne deiner Bestellung hinzuf\u00fcgen. Bei der Montage BELT LOOP (Beispiel Foto 2) bitte die dicke sowie breite vom G\u00fcrtel angeben (Kommentarfeld beim Check-Out). [&hellip;]<\/p>\n","protected":false},"featured_media":708106,"template":"","meta":{"site-sidebar-layout":"default","site-content-layout":"default","ast-site-content-layout":"default","site-content-style":"default","site-sidebar-style":"default","ast-global-header-display":"","ast-banner-title-visibility":"","ast-main-header-display":"","ast-hfb-above-header-display":"","ast-hfb-below-header-display":"","ast-hfb-mobile-header-display":"","site-post-title":"","ast-breadcrumbs-content":"","ast-featured-img":"","footer-sml-layout":"","ast-disable-related-posts":"","theme-transparent-header-meta":"default","adv-header-id-meta":"","stick-header-meta":"","header-above-stick-meta":"","header-main-stick-meta":"","header-below-stick-meta":"","astra-migrate-meta-layouts":"set","ast-page-background-enabled":"default","ast-page-background-meta":{"desktop":{"background-color":"","background-image":"","background-repeat":"repeat","background-position":"center center","background-size":"auto","background-attachment":"scroll","background-type":"","background-media":"","overlay-type":"","overlay-color":"","overlay-opacity":"","overlay-gradient":""},"tablet":{"background-color":"","background-image":"","background-repeat":"repeat","background-position":"center center","background-size":"auto","background-attachment":"scroll","background-type":"","background-media":"","overlay-type":"","overlay-color":"","overlay-opacity":"","overlay-gradient":""},"mobile":{"background-color":"","background-image":"","background-repeat":"repeat","background-position":"center center","background-size":"auto","background-attachment":"scroll","background-type":"","background-media":"","overlay-type":"","overlay-color":"","overlay-opacity":"","overlay-gradient":""}},"ast-content-background-meta":{"desktop":{"background-color":"var(--ast-global-color-5)","background-image":"","background-repeat":"repeat","background-position":"center center","background-size":"auto","background-attachment":"scroll","background-type":"","background-media":"","overlay-type":"","overlay-color":"","overlay-opacity":"","overlay-gradient":""},"tablet":{"background-color":"var(--ast-global-color-5)","background-image":"","background-repeat":"repeat","background-position":"center center","background-size":"auto","background-attachment":"scroll","background-type":"","background-media":"","overlay-type":"","overlay-color":"","overlay-opacity":"","overlay-gradient":""},"mobile":{"background-color":"var(--ast-global-color-5)","background-image":"","background-repeat":"repeat","background-position":"center center","background-size":"auto","background-attachment":"scroll","background-type":"","background-media":"","overlay-type":"","overlay-color":"","overlay-opacity":"","overlay-gradient":""}},"pgc_sgb_lightbox_settings":""},"product_brand":[],"product_cat":[28],"product_tag":[145,334,335,152,336],"class_list":{"0":"post-714884","1":"product","2":"type-product","3":"status-publish","4":"has-post-thumbnail","6":"product_cat-magazinhalter","7":"product_tag-mag-carrier","8":"product_tag-magazin","9":"product_tag-magazine","10":"product_tag-magazinhalter","11":"product_tag-magazinhalterung","12":"product_shipping_class-postpac-priority","13":"desktop-align-left","14":"tablet-align-left","15":"mobile-align-left","17":"first","18":"instock","19":"shipping-taxable","20":"purchasable","21":"product-type-variable"},"yoast_head":"<!-- This site is optimized with the Yoast SEO plugin v27.5 - https:\/\/yoast.com\/product\/yoast-seo-wordpress\/ -->\n<title>SPRINGFIELD MAGAZINHALTER - Custom Gear Solutions<\/title>\n<meta name=\"robots\" content=\"index, follow, max-snippet:-1, max-image-preview:large, max-video-preview:-1\" \/>\n<link rel=\"canonical\" href=\"https:\/\/custom-gear.ch\/en\/artikel\/springfield\/\" \/>\n<meta property=\"og:locale\" content=\"en_US\" \/>\n<meta property=\"og:type\" content=\"article\" \/>\n<meta property=\"og:title\" content=\"SPRINGFIELD MAGAZINHALTER - Custom Gear Solutions\" \/>\n<meta property=\"og:description\" content=\"Einzel Magazinhalter flexibel am Gurt montierbar. Die Gravuren in den Fotos dienen lediglich f\u00fcr Illustrationszwecke. Holster &amp; Magazinhalter werden immer ohne Gravuren hergestellt. Wenn du eine Custom-Gravur m\u00f6chtest kannst du den Service gerne deiner Bestellung hinzuf\u00fcgen. Bei der Montage BELT LOOP (Beispiel Foto 2) bitte die dicke sowie breite vom G\u00fcrtel angeben (Kommentarfeld beim Check-Out). [&hellip;]\" \/>\n<meta property=\"og:url\" content=\"https:\/\/custom-gear.ch\/en\/artikel\/springfield\/\" \/>\n<meta property=\"og:site_name\" content=\"Custom Gear Solutions\" \/>\n<meta property=\"article:modified_time\" content=\"2025-10-04T14:54:47+00:00\" \/>\n<meta property=\"og:image\" content=\"https:\/\/custom-gear.ch\/wp-content\/uploads\/2024\/07\/20240627_152433.jpg\" \/>\n\t<meta property=\"og:image:width\" content=\"1920\" \/>\n\t<meta property=\"og:image:height\" content=\"1920\" \/>\n\t<meta property=\"og:image:type\" content=\"image\/jpeg\" \/>\n<meta name=\"twitter:card\" content=\"summary_large_image\" \/>\n<meta name=\"twitter:label1\" content=\"Est. reading time\" \/>\n\t<meta name=\"twitter:data1\" content=\"1 minute\" \/>\n<script type=\"application\/ld+json\" class=\"yoast-schema-graph\">{\"@context\":\"https:\\\/\\\/schema.org\",\"@graph\":[{\"@type\":\"WebPage\",\"@id\":\"https:\\\/\\\/custom-gear.ch\\\/artikel\\\/springfield\\\/\",\"url\":\"https:\\\/\\\/custom-gear.ch\\\/artikel\\\/springfield\\\/\",\"name\":\"SPRINGFIELD MAGAZINHALTER - Custom Gear Solutions\",\"isPartOf\":{\"@id\":\"https:\\\/\\\/custom-gear.ch\\\/#website\"},\"primaryImageOfPage\":{\"@id\":\"https:\\\/\\\/custom-gear.ch\\\/artikel\\\/springfield\\\/#primaryimage\"},\"image\":{\"@id\":\"https:\\\/\\\/custom-gear.ch\\\/artikel\\\/springfield\\\/#primaryimage\"},\"thumbnailUrl\":\"https:\\\/\\\/custom-gear.ch\\\/wp-content\\\/uploads\\\/2024\\\/07\\\/20240627_152433.jpg\",\"datePublished\":\"2024-11-06T12:46:48+00:00\",\"dateModified\":\"2025-10-04T14:54:47+00:00\",\"breadcrumb\":{\"@id\":\"https:\\\/\\\/custom-gear.ch\\\/artikel\\\/springfield\\\/#breadcrumb\"},\"inLanguage\":\"en-US\",\"potentialAction\":[{\"@type\":\"ReadAction\",\"target\":[\"https:\\\/\\\/custom-gear.ch\\\/artikel\\\/springfield\\\/\"]}]},{\"@type\":\"ImageObject\",\"inLanguage\":\"en-US\",\"@id\":\"https:\\\/\\\/custom-gear.ch\\\/artikel\\\/springfield\\\/#primaryimage\",\"url\":\"https:\\\/\\\/custom-gear.ch\\\/wp-content\\\/uploads\\\/2024\\\/07\\\/20240627_152433.jpg\",\"contentUrl\":\"https:\\\/\\\/custom-gear.ch\\\/wp-content\\\/uploads\\\/2024\\\/07\\\/20240627_152433.jpg\",\"width\":1920,\"height\":1920},{\"@type\":\"BreadcrumbList\",\"@id\":\"https:\\\/\\\/custom-gear.ch\\\/artikel\\\/springfield\\\/#breadcrumb\",\"itemListElement\":[{\"@type\":\"ListItem\",\"position\":1,\"name\":\"Startseite\",\"item\":\"https:\\\/\\\/custom-gear.ch\\\/\"},{\"@type\":\"ListItem\",\"position\":2,\"name\":\"Shop\",\"item\":\"https:\\\/\\\/custom-gear.ch\\\/shop\\\/\"},{\"@type\":\"ListItem\",\"position\":3,\"name\":\"SPRINGFIELD MAGAZINHALTER\"}]},{\"@type\":\"WebSite\",\"@id\":\"https:\\\/\\\/custom-gear.ch\\\/#website\",\"url\":\"https:\\\/\\\/custom-gear.ch\\\/\",\"name\":\"Custom Gear Solutions - Kydex Holster\",\"description\":\"Swiss Made Kydex Holster\",\"publisher\":{\"@id\":\"https:\\\/\\\/custom-gear.ch\\\/#organization\"},\"potentialAction\":[{\"@type\":\"SearchAction\",\"target\":{\"@type\":\"EntryPoint\",\"urlTemplate\":\"https:\\\/\\\/custom-gear.ch\\\/?s={search_term_string}\"},\"query-input\":{\"@type\":\"PropertyValueSpecification\",\"valueRequired\":true,\"valueName\":\"search_term_string\"}}],\"inLanguage\":\"en-US\"},{\"@type\":\"Organization\",\"@id\":\"https:\\\/\\\/custom-gear.ch\\\/#organization\",\"name\":\"Custom Gear Solutions - Kydex Holster\",\"url\":\"https:\\\/\\\/custom-gear.ch\\\/\",\"logo\":{\"@type\":\"ImageObject\",\"inLanguage\":\"en-US\",\"@id\":\"https:\\\/\\\/custom-gear.ch\\\/#\\\/schema\\\/logo\\\/image\\\/\",\"url\":\"https:\\\/\\\/i0.wp.com\\\/custom-gear.ch\\\/wp-content\\\/uploads\\\/2021\\\/01\\\/Logo_PNG_BLACK.png?fit=1800%2C1070&ssl=1\",\"contentUrl\":\"https:\\\/\\\/i0.wp.com\\\/custom-gear.ch\\\/wp-content\\\/uploads\\\/2021\\\/01\\\/Logo_PNG_BLACK.png?fit=1800%2C1070&ssl=1\",\"width\":1800,\"height\":1070,\"caption\":\"Custom Gear Solutions - Kydex Holster\"},\"image\":{\"@id\":\"https:\\\/\\\/custom-gear.ch\\\/#\\\/schema\\\/logo\\\/image\\\/\"},\"sameAs\":[\"https:\\\/\\\/www.instagram.com\\\/custom_gear.ch\\\/\"]}]}<\/script>\n<!-- \/ Yoast SEO plugin. -->","yoast_head_json":{"title":"SPRINGFIELD MAGAZINHALTER - Custom Gear Solutions","robots":{"index":"index","follow":"follow","max-snippet":"max-snippet:-1","max-image-preview":"max-image-preview:large","max-video-preview":"max-video-preview:-1"},"canonical":"https:\/\/custom-gear.ch\/en\/artikel\/springfield\/","og_locale":"en_US","og_type":"article","og_title":"SPRINGFIELD MAGAZINHALTER - Custom Gear Solutions","og_description":"Einzel Magazinhalter flexibel am Gurt montierbar. Die Gravuren in den Fotos dienen lediglich f\u00fcr Illustrationszwecke. Holster &amp; Magazinhalter werden immer ohne Gravuren hergestellt. Wenn du eine Custom-Gravur m\u00f6chtest kannst du den Service gerne deiner Bestellung hinzuf\u00fcgen. Bei der Montage BELT LOOP (Beispiel Foto 2) bitte die dicke sowie breite vom G\u00fcrtel angeben (Kommentarfeld beim Check-Out). [&hellip;]","og_url":"https:\/\/custom-gear.ch\/en\/artikel\/springfield\/","og_site_name":"Custom Gear Solutions","article_modified_time":"2025-10-04T14:54:47+00:00","og_image":[{"width":1920,"height":1920,"url":"https:\/\/custom-gear.ch\/wp-content\/uploads\/2024\/07\/20240627_152433.jpg","type":"image\/jpeg"}],"twitter_card":"summary_large_image","twitter_misc":{"Est. reading time":"1 minute"},"schema":{"@context":"https:\/\/schema.org","@graph":[{"@type":"WebPage","@id":"https:\/\/custom-gear.ch\/artikel\/springfield\/","url":"https:\/\/custom-gear.ch\/artikel\/springfield\/","name":"SPRINGFIELD MAGAZINHALTER - Custom Gear Solutions","isPartOf":{"@id":"https:\/\/custom-gear.ch\/#website"},"primaryImageOfPage":{"@id":"https:\/\/custom-gear.ch\/artikel\/springfield\/#primaryimage"},"image":{"@id":"https:\/\/custom-gear.ch\/artikel\/springfield\/#primaryimage"},"thumbnailUrl":"https:\/\/custom-gear.ch\/wp-content\/uploads\/2024\/07\/20240627_152433.jpg","datePublished":"2024-11-06T12:46:48+00:00","dateModified":"2025-10-04T14:54:47+00:00","breadcrumb":{"@id":"https:\/\/custom-gear.ch\/artikel\/springfield\/#breadcrumb"},"inLanguage":"en-US","potentialAction":[{"@type":"ReadAction","target":["https:\/\/custom-gear.ch\/artikel\/springfield\/"]}]},{"@type":"ImageObject","inLanguage":"en-US","@id":"https:\/\/custom-gear.ch\/artikel\/springfield\/#primaryimage","url":"https:\/\/custom-gear.ch\/wp-content\/uploads\/2024\/07\/20240627_152433.jpg","contentUrl":"https:\/\/custom-gear.ch\/wp-content\/uploads\/2024\/07\/20240627_152433.jpg","width":1920,"height":1920},{"@type":"BreadcrumbList","@id":"https:\/\/custom-gear.ch\/artikel\/springfield\/#breadcrumb","itemListElement":[{"@type":"ListItem","position":1,"name":"Startseite","item":"https:\/\/custom-gear.ch\/"},{"@type":"ListItem","position":2,"name":"Shop","item":"https:\/\/custom-gear.ch\/shop\/"},{"@type":"ListItem","position":3,"name":"SPRINGFIELD MAGAZINHALTER"}]},{"@type":"WebSite","@id":"https:\/\/custom-gear.ch\/#website","url":"https:\/\/custom-gear.ch\/","name":"Custom Gear Solutions - Kydex Holster","description":"Swiss Made Kydex Holster","publisher":{"@id":"https:\/\/custom-gear.ch\/#organization"},"potentialAction":[{"@type":"SearchAction","target":{"@type":"EntryPoint","urlTemplate":"https:\/\/custom-gear.ch\/?s={search_term_string}"},"query-input":{"@type":"PropertyValueSpecification","valueRequired":true,"valueName":"search_term_string"}}],"inLanguage":"en-US"},{"@type":"Organization","@id":"https:\/\/custom-gear.ch\/#organization","name":"Custom Gear Solutions - Kydex Holster","url":"https:\/\/custom-gear.ch\/","logo":{"@type":"ImageObject","inLanguage":"en-US","@id":"https:\/\/custom-gear.ch\/#\/schema\/logo\/image\/","url":"https:\/\/i0.wp.com\/custom-gear.ch\/wp-content\/uploads\/2021\/01\/Logo_PNG_BLACK.png?fit=1800%2C1070&ssl=1","contentUrl":"https:\/\/i0.wp.com\/custom-gear.ch\/wp-content\/uploads\/2021\/01\/Logo_PNG_BLACK.png?fit=1800%2C1070&ssl=1","width":1800,"height":1070,"caption":"Custom Gear Solutions - Kydex Holster"},"image":{"@id":"https:\/\/custom-gear.ch\/#\/schema\/logo\/image\/"},"sameAs":["https:\/\/www.instagram.com\/custom_gear.ch\/"]}]}},"jetpack_sharing_enabled":true,"_links":{"self":[{"href":"https:\/\/custom-gear.ch\/en\/wp-json\/wp\/v2\/product\/714884","targetHints":{"allow":["GET"]}}],"collection":[{"href":"https:\/\/custom-gear.ch\/en\/wp-json\/wp\/v2\/product"}],"about":[{"href":"https:\/\/custom-gear.ch\/en\/wp-json\/wp\/v2\/types\/product"}],"version-history":[{"count":1,"href":"https:\/\/custom-gear.ch\/en\/wp-json\/wp\/v2\/product\/714884\/revisions"}],"predecessor-version":[{"id":715644,"href":"https:\/\/custom-gear.ch\/en\/wp-json\/wp\/v2\/product\/714884\/revisions\/715644"}],"wp:featuredmedia":[{"embeddable":true,"href":"https:\/\/custom-gear.ch\/en\/wp-json\/wp\/v2\/media\/708106"}],"wp:attachment":[{"href":"https:\/\/custom-gear.ch\/en\/wp-json\/wp\/v2\/media?parent=714884"}],"wp:term":[{"taxonomy":"product_brand","embeddable":true,"href":"https:\/\/custom-gear.ch\/en\/wp-json\/wp\/v2\/product_brand?post=714884"},{"taxonomy":"product_cat","embeddable":true,"href":"https:\/\/custom-gear.ch\/en\/wp-json\/wp\/v2\/product_cat?post=714884"},{"taxonomy":"product_tag","embeddable":true,"href":"https:\/\/custom-gear.ch\/en\/wp-json\/wp\/v2\/product_tag?post=714884"}],"curies":[{"name":"wp","href":"https:\/\/api.w.org\/{rel}","templated":true}]}}