{"id":626716,"date":"2022-10-18T09:08:15","date_gmt":"2022-10-18T07:08:15","guid":{"rendered":"https:\/\/custom-gear.ch\/?post_type=product&#038;p=626716"},"modified":"2025-10-03T12:03:20","modified_gmt":"2025-10-03T10:03:20","slug":"glock-34-tlr1-3","status":"publish","type":"product","link":"https:\/\/custom-gear.ch\/en\/artikel\/glock-34-tlr1-3\/","title":{"rendered":"GLOCK 34 TLR1"},"content":{"rendered":"<p><span style=\"font-size: 16px;\">If you would like to upgrade your holster to a level 2 holster then there are two options available.<\/p>\n<p>Both are made in USA.<\/span><\/p>\n<ul>\n<li>Level 2, variant 1: Automatic mechanism, spring loaded hood. <a href=\"https:\/\/custom-gear.ch\/wp-content\/uploads\/2021\/01\/LEVEL-2_MECHANISM.mp4\" target=\"_blank\" rel=\"noopener\">Video<\/a>.<\/li>\n<li>Level 2, Variant 2: Manual mechanism, hood must be pushed down and forward (like Safariland). <a href=\"https:\/\/custom-gear.ch\/wp-content\/uploads\/2024\/11\/Buegelsicherung_var2.mp4\" target=\"_blank\" rel=\"noopener\">Video<\/a>.<\/li>\n<\/ul>\n<p>Shock cord = Also a good alternative to prevent the firearm from falling out.<\/p>\n<p>Retention of the firearm inside the holster can be adjusted by two screws.<\/p>\n<p>All OWB holsters can be customized with holes compatible with the most common brands of belt attachments (MULTI). This means the holster can be mounted on Blackhawk, G-Code, Safariland, and Blade Tech systems. This allows the holster to be taken with you if you change systems and doesn't need to be replaced.<\/p>","protected":false},"excerpt":{"rendered":"<p>Du m\u00f6chtest dein Holster auf ein Level 2 erweitern dann stehen zwei Varianten der B\u00fcgelsicherung zur Auswahl. Beide sind Made in USA. B\u00fcgelsicherung Variante 1: Automatischer Mechanismus, B\u00fcgelsicherung springt auf. Video. B\u00fcgelsicherung Variante 2: Manueller Mechanismus, B\u00fcgelsicherung wird nach unten gedr\u00fcckt und geschoben (wie Safariland). Video. Shockcord = Auch eine gute Alternative zum Level 2 [&hellip;]<\/p>\n","protected":false},"featured_media":86905,"template":"","meta":{"site-sidebar-layout":"default","site-content-layout":"default","ast-site-content-layout":"default","site-content-style":"default","site-sidebar-style":"default","ast-global-header-display":"","ast-banner-title-visibility":"","ast-main-header-display":"","ast-hfb-above-header-display":"","ast-hfb-below-header-display":"","ast-hfb-mobile-header-display":"","site-post-title":"","ast-breadcrumbs-content":"","ast-featured-img":"","footer-sml-layout":"","ast-disable-related-posts":"","theme-transparent-header-meta":"default","adv-header-id-meta":"","stick-header-meta":"","header-above-stick-meta":"","header-main-stick-meta":"","header-below-stick-meta":"","astra-migrate-meta-layouts":"set","ast-page-background-enabled":"default","ast-page-background-meta":{"desktop":{"background-color":"","background-image":"","background-repeat":"repeat","background-position":"center center","background-size":"auto","background-attachment":"scroll","background-type":"","background-media":"","overlay-type":"","overlay-color":"","overlay-opacity":"","overlay-gradient":""},"tablet":{"background-color":"","background-image":"","background-repeat":"repeat","background-position":"center center","background-size":"auto","background-attachment":"scroll","background-type":"","background-media":"","overlay-type":"","overlay-color":"","overlay-opacity":"","overlay-gradient":""},"mobile":{"background-color":"","background-image":"","background-repeat":"repeat","background-position":"center center","background-size":"auto","background-attachment":"scroll","background-type":"","background-media":"","overlay-type":"","overlay-color":"","overlay-opacity":"","overlay-gradient":""}},"ast-content-background-meta":{"desktop":{"background-color":"var(--ast-global-color-5)","background-image":"","background-repeat":"repeat","background-position":"center center","background-size":"auto","background-attachment":"scroll","background-type":"","background-media":"","overlay-type":"","overlay-color":"","overlay-opacity":"","overlay-gradient":""},"tablet":{"background-color":"var(--ast-global-color-5)","background-image":"","background-repeat":"repeat","background-position":"center center","background-size":"auto","background-attachment":"scroll","background-type":"","background-media":"","overlay-type":"","overlay-color":"","overlay-opacity":"","overlay-gradient":""},"mobile":{"background-color":"var(--ast-global-color-5)","background-image":"","background-repeat":"repeat","background-position":"center center","background-size":"auto","background-attachment":"scroll","background-type":"","background-media":"","overlay-type":"","overlay-color":"","overlay-opacity":"","overlay-gradient":""}},"pgc_sgb_lightbox_settings":""},"product_brand":[],"product_cat":[189],"product_tag":[50,112,111,113],"class_list":{"0":"post-626716","1":"product","2":"type-product","3":"status-publish","4":"has-post-thumbnail","6":"product_cat-glock-owb","7":"product_tag-level-1","8":"product_tag-level-2","9":"product_tag-owb","10":"product_tag-sicherungsbugel","11":"product_shipping_class-postpac-priority","12":"desktop-align-left","13":"tablet-align-left","14":"mobile-align-left","16":"first","17":"instock","18":"shipping-taxable","19":"purchasable","20":"product-type-variable"},"yoast_head":"<!-- This site is optimized with the Yoast SEO plugin v27.5 - https:\/\/yoast.com\/product\/yoast-seo-wordpress\/ -->\n<title>KYDEX HOLSTER GLOCK<\/title>\n<meta name=\"robots\" content=\"index, follow, max-snippet:-1, max-image-preview:large, max-video-preview:-1\" \/>\n<link rel=\"canonical\" href=\"https:\/\/custom-gear.ch\/en\/artikel\/glock-34-tlr1-3\/\" \/>\n<meta property=\"og:locale\" content=\"en_US\" \/>\n<meta property=\"og:type\" content=\"article\" \/>\n<meta property=\"og:title\" content=\"KYDEX HOLSTER GLOCK\" \/>\n<meta property=\"og:description\" content=\"Du m\u00f6chtest dein Holster auf ein Level 2 erweitern dann stehen zwei Varianten der B\u00fcgelsicherung zur Auswahl. Beide sind Made in USA. B\u00fcgelsicherung Variante 1: Automatischer Mechanismus, B\u00fcgelsicherung springt auf. Video. B\u00fcgelsicherung Variante 2: Manueller Mechanismus, B\u00fcgelsicherung wird nach unten gedr\u00fcckt und geschoben (wie Safariland). Video. Shockcord = Auch eine gute Alternative zum Level 2 [&hellip;]\" \/>\n<meta property=\"og:url\" content=\"https:\/\/custom-gear.ch\/en\/artikel\/glock-34-tlr1-3\/\" \/>\n<meta property=\"og:site_name\" content=\"Custom Gear Solutions\" \/>\n<meta property=\"article:modified_time\" content=\"2025-10-03T10:03:20+00:00\" \/>\n<meta property=\"og:image\" content=\"https:\/\/custom-gear.ch\/wp-content\/uploads\/2020\/12\/LEVEL-1_GHOST_GANZ.jpg\" \/>\n\t<meta property=\"og:image:width\" content=\"1134\" \/>\n\t<meta property=\"og:image:height\" content=\"1134\" \/>\n\t<meta property=\"og:image:type\" content=\"image\/jpeg\" \/>\n<meta name=\"twitter:card\" content=\"summary_large_image\" \/>\n<meta name=\"twitter:label1\" content=\"Est. reading time\" \/>\n\t<meta name=\"twitter:data1\" content=\"1 minute\" \/>\n<script type=\"application\/ld+json\" class=\"yoast-schema-graph\">{\"@context\":\"https:\\\/\\\/schema.org\",\"@graph\":[{\"@type\":\"WebPage\",\"@id\":\"https:\\\/\\\/custom-gear.ch\\\/artikel\\\/glock-34-tlr1-3\\\/\",\"url\":\"https:\\\/\\\/custom-gear.ch\\\/artikel\\\/glock-34-tlr1-3\\\/\",\"name\":\"KYDEX HOLSTER GLOCK\",\"isPartOf\":{\"@id\":\"https:\\\/\\\/custom-gear.ch\\\/#website\"},\"primaryImageOfPage\":{\"@id\":\"https:\\\/\\\/custom-gear.ch\\\/artikel\\\/glock-34-tlr1-3\\\/#primaryimage\"},\"image\":{\"@id\":\"https:\\\/\\\/custom-gear.ch\\\/artikel\\\/glock-34-tlr1-3\\\/#primaryimage\"},\"thumbnailUrl\":\"https:\\\/\\\/custom-gear.ch\\\/wp-content\\\/uploads\\\/2020\\\/12\\\/LEVEL-1_GHOST_GANZ.jpg\",\"datePublished\":\"2022-10-18T07:08:15+00:00\",\"dateModified\":\"2025-10-03T10:03:20+00:00\",\"breadcrumb\":{\"@id\":\"https:\\\/\\\/custom-gear.ch\\\/artikel\\\/glock-34-tlr1-3\\\/#breadcrumb\"},\"inLanguage\":\"en-US\",\"potentialAction\":[{\"@type\":\"ReadAction\",\"target\":[\"https:\\\/\\\/custom-gear.ch\\\/artikel\\\/glock-34-tlr1-3\\\/\"]}]},{\"@type\":\"ImageObject\",\"inLanguage\":\"en-US\",\"@id\":\"https:\\\/\\\/custom-gear.ch\\\/artikel\\\/glock-34-tlr1-3\\\/#primaryimage\",\"url\":\"https:\\\/\\\/custom-gear.ch\\\/wp-content\\\/uploads\\\/2020\\\/12\\\/LEVEL-1_GHOST_GANZ.jpg\",\"contentUrl\":\"https:\\\/\\\/custom-gear.ch\\\/wp-content\\\/uploads\\\/2020\\\/12\\\/LEVEL-1_GHOST_GANZ.jpg\",\"width\":1134,\"height\":1134},{\"@type\":\"BreadcrumbList\",\"@id\":\"https:\\\/\\\/custom-gear.ch\\\/artikel\\\/glock-34-tlr1-3\\\/#breadcrumb\",\"itemListElement\":[{\"@type\":\"ListItem\",\"position\":1,\"name\":\"Startseite\",\"item\":\"https:\\\/\\\/custom-gear.ch\\\/\"},{\"@type\":\"ListItem\",\"position\":2,\"name\":\"Shop\",\"item\":\"https:\\\/\\\/custom-gear.ch\\\/shop\\\/\"},{\"@type\":\"ListItem\",\"position\":3,\"name\":\"GLOCK 34 TLR1\"}]},{\"@type\":\"WebSite\",\"@id\":\"https:\\\/\\\/custom-gear.ch\\\/#website\",\"url\":\"https:\\\/\\\/custom-gear.ch\\\/\",\"name\":\"Custom Gear Solutions - Kydex Holster\",\"description\":\"Swiss Made Kydex Holster\",\"publisher\":{\"@id\":\"https:\\\/\\\/custom-gear.ch\\\/#organization\"},\"potentialAction\":[{\"@type\":\"SearchAction\",\"target\":{\"@type\":\"EntryPoint\",\"urlTemplate\":\"https:\\\/\\\/custom-gear.ch\\\/?s={search_term_string}\"},\"query-input\":{\"@type\":\"PropertyValueSpecification\",\"valueRequired\":true,\"valueName\":\"search_term_string\"}}],\"inLanguage\":\"en-US\"},{\"@type\":\"Organization\",\"@id\":\"https:\\\/\\\/custom-gear.ch\\\/#organization\",\"name\":\"Custom Gear Solutions - Kydex Holster\",\"url\":\"https:\\\/\\\/custom-gear.ch\\\/\",\"logo\":{\"@type\":\"ImageObject\",\"inLanguage\":\"en-US\",\"@id\":\"https:\\\/\\\/custom-gear.ch\\\/#\\\/schema\\\/logo\\\/image\\\/\",\"url\":\"https:\\\/\\\/i0.wp.com\\\/custom-gear.ch\\\/wp-content\\\/uploads\\\/2021\\\/01\\\/Logo_PNG_BLACK.png?fit=1800%2C1070&ssl=1\",\"contentUrl\":\"https:\\\/\\\/i0.wp.com\\\/custom-gear.ch\\\/wp-content\\\/uploads\\\/2021\\\/01\\\/Logo_PNG_BLACK.png?fit=1800%2C1070&ssl=1\",\"width\":1800,\"height\":1070,\"caption\":\"Custom Gear Solutions - Kydex Holster\"},\"image\":{\"@id\":\"https:\\\/\\\/custom-gear.ch\\\/#\\\/schema\\\/logo\\\/image\\\/\"},\"sameAs\":[\"https:\\\/\\\/www.instagram.com\\\/custom_gear.ch\\\/\"]}]}<\/script>\n<!-- \/ Yoast SEO plugin. -->","yoast_head_json":{"title":"KYDEX HOLSTER GLOCK","robots":{"index":"index","follow":"follow","max-snippet":"max-snippet:-1","max-image-preview":"max-image-preview:large","max-video-preview":"max-video-preview:-1"},"canonical":"https:\/\/custom-gear.ch\/en\/artikel\/glock-34-tlr1-3\/","og_locale":"en_US","og_type":"article","og_title":"KYDEX HOLSTER GLOCK","og_description":"Du m\u00f6chtest dein Holster auf ein Level 2 erweitern dann stehen zwei Varianten der B\u00fcgelsicherung zur Auswahl. Beide sind Made in USA. B\u00fcgelsicherung Variante 1: Automatischer Mechanismus, B\u00fcgelsicherung springt auf. Video. B\u00fcgelsicherung Variante 2: Manueller Mechanismus, B\u00fcgelsicherung wird nach unten gedr\u00fcckt und geschoben (wie Safariland). Video. Shockcord = Auch eine gute Alternative zum Level 2 [&hellip;]","og_url":"https:\/\/custom-gear.ch\/en\/artikel\/glock-34-tlr1-3\/","og_site_name":"Custom Gear Solutions","article_modified_time":"2025-10-03T10:03:20+00:00","og_image":[{"width":1134,"height":1134,"url":"https:\/\/custom-gear.ch\/wp-content\/uploads\/2020\/12\/LEVEL-1_GHOST_GANZ.jpg","type":"image\/jpeg"}],"twitter_card":"summary_large_image","twitter_misc":{"Est. reading time":"1 minute"},"schema":{"@context":"https:\/\/schema.org","@graph":[{"@type":"WebPage","@id":"https:\/\/custom-gear.ch\/artikel\/glock-34-tlr1-3\/","url":"https:\/\/custom-gear.ch\/artikel\/glock-34-tlr1-3\/","name":"KYDEX HOLSTER GLOCK","isPartOf":{"@id":"https:\/\/custom-gear.ch\/#website"},"primaryImageOfPage":{"@id":"https:\/\/custom-gear.ch\/artikel\/glock-34-tlr1-3\/#primaryimage"},"image":{"@id":"https:\/\/custom-gear.ch\/artikel\/glock-34-tlr1-3\/#primaryimage"},"thumbnailUrl":"https:\/\/custom-gear.ch\/wp-content\/uploads\/2020\/12\/LEVEL-1_GHOST_GANZ.jpg","datePublished":"2022-10-18T07:08:15+00:00","dateModified":"2025-10-03T10:03:20+00:00","breadcrumb":{"@id":"https:\/\/custom-gear.ch\/artikel\/glock-34-tlr1-3\/#breadcrumb"},"inLanguage":"en-US","potentialAction":[{"@type":"ReadAction","target":["https:\/\/custom-gear.ch\/artikel\/glock-34-tlr1-3\/"]}]},{"@type":"ImageObject","inLanguage":"en-US","@id":"https:\/\/custom-gear.ch\/artikel\/glock-34-tlr1-3\/#primaryimage","url":"https:\/\/custom-gear.ch\/wp-content\/uploads\/2020\/12\/LEVEL-1_GHOST_GANZ.jpg","contentUrl":"https:\/\/custom-gear.ch\/wp-content\/uploads\/2020\/12\/LEVEL-1_GHOST_GANZ.jpg","width":1134,"height":1134},{"@type":"BreadcrumbList","@id":"https:\/\/custom-gear.ch\/artikel\/glock-34-tlr1-3\/#breadcrumb","itemListElement":[{"@type":"ListItem","position":1,"name":"Startseite","item":"https:\/\/custom-gear.ch\/"},{"@type":"ListItem","position":2,"name":"Shop","item":"https:\/\/custom-gear.ch\/shop\/"},{"@type":"ListItem","position":3,"name":"GLOCK 34 TLR1"}]},{"@type":"WebSite","@id":"https:\/\/custom-gear.ch\/#website","url":"https:\/\/custom-gear.ch\/","name":"Custom Gear Solutions - Kydex Holster","description":"Swiss Made Kydex Holster","publisher":{"@id":"https:\/\/custom-gear.ch\/#organization"},"potentialAction":[{"@type":"SearchAction","target":{"@type":"EntryPoint","urlTemplate":"https:\/\/custom-gear.ch\/?s={search_term_string}"},"query-input":{"@type":"PropertyValueSpecification","valueRequired":true,"valueName":"search_term_string"}}],"inLanguage":"en-US"},{"@type":"Organization","@id":"https:\/\/custom-gear.ch\/#organization","name":"Custom Gear Solutions - Kydex Holster","url":"https:\/\/custom-gear.ch\/","logo":{"@type":"ImageObject","inLanguage":"en-US","@id":"https:\/\/custom-gear.ch\/#\/schema\/logo\/image\/","url":"https:\/\/i0.wp.com\/custom-gear.ch\/wp-content\/uploads\/2021\/01\/Logo_PNG_BLACK.png?fit=1800%2C1070&ssl=1","contentUrl":"https:\/\/i0.wp.com\/custom-gear.ch\/wp-content\/uploads\/2021\/01\/Logo_PNG_BLACK.png?fit=1800%2C1070&ssl=1","width":1800,"height":1070,"caption":"Custom Gear Solutions - Kydex Holster"},"image":{"@id":"https:\/\/custom-gear.ch\/#\/schema\/logo\/image\/"},"sameAs":["https:\/\/www.instagram.com\/custom_gear.ch\/"]}]}},"jetpack_sharing_enabled":true,"_links":{"self":[{"href":"https:\/\/custom-gear.ch\/en\/wp-json\/wp\/v2\/product\/626716","targetHints":{"allow":["GET"]}}],"collection":[{"href":"https:\/\/custom-gear.ch\/en\/wp-json\/wp\/v2\/product"}],"about":[{"href":"https:\/\/custom-gear.ch\/en\/wp-json\/wp\/v2\/types\/product"}],"version-history":[{"count":0,"href":"https:\/\/custom-gear.ch\/en\/wp-json\/wp\/v2\/product\/626716\/revisions"}],"wp:featuredmedia":[{"embeddable":true,"href":"https:\/\/custom-gear.ch\/en\/wp-json\/wp\/v2\/media\/86905"}],"wp:attachment":[{"href":"https:\/\/custom-gear.ch\/en\/wp-json\/wp\/v2\/media?parent=626716"}],"wp:term":[{"taxonomy":"product_brand","embeddable":true,"href":"https:\/\/custom-gear.ch\/en\/wp-json\/wp\/v2\/product_brand?post=626716"},{"taxonomy":"product_cat","embeddable":true,"href":"https:\/\/custom-gear.ch\/en\/wp-json\/wp\/v2\/product_cat?post=626716"},{"taxonomy":"product_tag","embeddable":true,"href":"https:\/\/custom-gear.ch\/en\/wp-json\/wp\/v2\/product_tag?post=626716"}],"curies":[{"name":"wp","href":"https:\/\/api.w.org\/{rel}","templated":true}]}}