{"id":85619,"date":"2020-12-26T15:31:11","date_gmt":"2020-12-26T15:31:11","guid":{"rendered":"https:\/\/custom-gear.ch\/terms\/"},"modified":"2026-04-01T16:26:40","modified_gmt":"2026-04-01T14:26:40","slug":"agb","status":"publish","type":"page","link":"https:\/\/custom-gear.ch\/en\/agb\/","title":{"rendered":"Allgemeine Gesch\u00e4ftsbedingungen (AGB)"},"content":{"rendered":"<div data-elementor-type=\"wp-page\" data-elementor-id=\"85619\" class=\"elementor elementor-85619\" data-elementor-post-type=\"page\">\n\t\t\t\t\t\t<section class=\"elementor-section elementor-top-section elementor-element elementor-element-eb9f57b elementor-section-boxed elementor-section-height-default elementor-section-height-default\" data-id=\"eb9f57b\" data-element_type=\"section\" data-e-type=\"section\">\n\t\t\t\t\t\t<div class=\"elementor-container elementor-column-gap-default\">\n\t\t\t\t\t<div class=\"elementor-column elementor-col-100 elementor-top-column elementor-element elementor-element-cc2e4f1\" data-id=\"cc2e4f1\" data-element_type=\"column\" data-e-type=\"column\">\n\t\t\t<div class=\"elementor-widget-wrap elementor-element-populated\">\n\t\t\t\t\t\t<div class=\"elementor-element elementor-element-f90b128 elementor-widget elementor-widget-heading\" data-id=\"f90b128\" data-element_type=\"widget\" data-e-type=\"widget\" data-widget_type=\"heading.default\">\n\t\t\t\t<div class=\"elementor-widget-container\">\n\t\t\t\t\t<h2 class=\"elementor-heading-title elementor-size-default\"><br>Allgemeine Gesch\u00e4ftsbedingungen (AGB)<\/h2>\t\t\t\t<\/div>\n\t\t\t\t<\/div>\n\t\t\t\t\t<\/div>\n\t\t<\/div>\n\t\t\t\t\t<\/div>\n\t\t<\/section>\n\t\t\t\t<section class=\"elementor-section elementor-top-section elementor-element elementor-element-b7b0cd7 elementor-section-boxed elementor-section-height-default elementor-section-height-default\" data-id=\"b7b0cd7\" data-element_type=\"section\" data-e-type=\"section\">\n\t\t\t\t\t\t<div class=\"elementor-container elementor-column-gap-default\">\n\t\t\t\t\t<div class=\"elementor-column elementor-col-100 elementor-top-column elementor-element elementor-element-198fbe2\" data-id=\"198fbe2\" data-element_type=\"column\" data-e-type=\"column\">\n\t\t\t<div class=\"elementor-widget-wrap elementor-element-populated\">\n\t\t\t\t\t\t<div class=\"elementor-element elementor-element-1a0aa58 elementor-widget elementor-widget-text-editor\" data-id=\"1a0aa58\" data-element_type=\"widget\" data-e-type=\"widget\" data-widget_type=\"text-editor.default\">\n\t\t\t\t<div class=\"elementor-widget-container\">\n\t\t\t\t\t\t\t\t\t<div>&nbsp;<\/div>\n<div>&nbsp;<\/div>\n<p>\u00a7 1 Verwender<br>Als Verwender dieser AGB gilt:<\/p>\n<p>Spatz Custom Gear Solutions<br>Oberwilerweg 32<br>CH-4852 Rothrist<br>UID: CHE-442.561.192<br>Registergericht: Kanton Aargau<\/p>\n<p>\u00a7 2 Geltungsbereich<br>Diese Allgemeinen Gesch\u00e4ftsbedingungen gelten f\u00fcr alle Rechtsgesch\u00e4fte zwischen dem Verwender und einem Verbraucher (einer \u201enat\u00fcrlichen Person, die ein Rechtsgesch\u00e4ft zu Zwecken abschlie\u00dft, die \u00fcberwiegend weder ihrer gewerblichen noch ihrer selbst\u00e4ndigen beruflichen T\u00e4tigkeit zugerechnet werden k\u00f6nnen\u201c).<\/p>\n<p>\u00a7 3 Vertragsschluss und Speicherung des Vertragstextes<br>Die Bestimmungen dieser AGB gelten f\u00fcr Bestellungen, welche Verbraucher \u00fcber die Website www.custom-gear.ch des Onlineshops Spatz Custom Gear Solutions abschliessen.<\/p>\n<p>Der Vertrag kommt mit dem Verwender (siehe \u00a7 1) zustande.<\/p>\n<p>Die Vorstellung und Beschreibung der Waren auf der Internetseite des Onlineshops www.custom-gear.ch stellt kein Vertragsangebot dar.<\/p>\n<p>Mit der Bestellung einer Ware durch einen Klick auf den Button Jetzt kaufen\u201c am Ende des Bestellvorgangs gibt ein Verbraucher ein verbindliches Angebot auf einen Kaufvertragsabschluss ab. Erst mit dem Versand einer Auftragsbest\u00e4tigung per E-Mail durch den Verwender kommt der Vertragsschluss zustande.<\/p>\n<p>Der Vertragstext wird bei Bestellungen gespeichert. Verbraucher erhalten eine E-Mail mit den Bestelldaten.<\/p>\n<p>\u00a7 4 Zahlung<br>Die gesetzliche Umsatzsteuer sowie weitere Preisbestandteile sind in den angegebenen Preisen inbegriffen. Versandkosten sind nicht im angezeigten Preis enthalten und k\u00f6nnen ggf. zus\u00e4tzlich anfallen.<br>Verbrauchern stehen folgende Zahlungsoptionen zur Verf\u00fcgung:<\/p>\n<p>TWINT<br>BANK\u00dcBERWEISUNG<\/p>\n<p>\u00a7 5 Lieferung, Lieferungsbeschr\u00e4nkungen<br>Die Lieferung erfolgt \u2013 sofern die Beschreibung eines gew\u00e4hlten Produkts nicht explizit Abweichendes festlegt \u2013 innerhalb von 2-6 Wochen.<\/p>\n<p>\u00a7 6 Gefahren\u00fcbergang<br>Das Risiko einer zuf\u00e4lligen Verschlechterung oder einem zuf\u00e4lligen Verlust der Ware liegt bis zur \u00dcbergabe der Ware beim Verwender und geht es mit der \u00dcbergabe auf den Verbraucher \u00fcber.<\/p>\n<p>\u00a7 7 R\u00fcckgaberecht<br>Es besteht kein allgemeines R\u00fcckgaberecht auf Produkte die von der Firma Spatz Custom Gear Solutions selber hergestellt werden (z.B Waffenholster, Magazinhalter, TQ Halterungen, etc.).<\/p>\n<p>\u00a7 8 Eigentumsvorbehalt<br>Bis zum vollst\u00e4ndigen Empfang des Kaufpreises beh\u00e4lt sich der Verwender das Eigentum an der Ware vor.<\/p>\n<p>DATENSCHUTZ<\/p>\n<p>Spatz Custom Gear Solutions, Oberwilwerweg 32, 4852 Rothrist, ist Betreiber\/in der Website www.custom-gear.ch und der darauf angebotenen Dienste und somit verantwortlich f\u00fcr die Erhebung, Verarbeitung und Nutzung Ihrer pers\u00f6nlichen Daten und die Vereinbarkeit der Datenbearbeitung mit dem anwendbaren Datenschutzrecht.<\/p>\n<p>Ihr Vertrauen ist uns wichtig, darum nehmen wir das Thema Datenschutz ernst und achten auf entsprechende Sicherheit.<\/p>\n<p>Damit Sie wissen, welche personenbezogenen Daten wir von Ihnen erheben und f\u00fcr welche Zwecke wir sie verwenden, nehmen Sie bitte die nachstehenden Informationen zur Kenntnis.<\/p>\n<p>\u00a7 9 Benutzerkonto<\/p>\n<p>Um \u00fcber dieses Angebot Bestellungen t\u00e4tigen zu k\u00f6nnen, muss jeder Kunde ein passwortgesch\u00fctztes Kundenkonto einrichten. Dieses beinhaltet eine \u00dcbersicht \u00fcber get\u00e4tigte Bestellungen und aktive Bestellvorg\u00e4nge. Sofern Sie als Kunde den Onlineshop verlassen, werden Sie automatisch ausgeloggt.<\/p>\n<p>Der Betreiber \u00fcbernimmt keine Haftung f\u00fcr Passwortmissbrauch, sofern dieser nicht von dem Betreiber selbst verursacht wurde.<\/p>\n<p>\u00a7 10 Bestellvorgang<\/p>\n<p>Um im Onlineshop Bestellungen t\u00e4tigen zu k\u00f6nnen m\u00fcssen Sie ein Kunden-Konto er\u00f6ffnen. Bei der Registrierung f\u00fcr ein Kunden-Konto erheben wir folgende Daten:<\/p>\n<p>&nbsp;&nbsp;&nbsp; Anrede<br>&nbsp;&nbsp;&nbsp; Vor- und Nachname<br>&nbsp;&nbsp;&nbsp; Liefer-\/Rechnungsanschrift<br>&nbsp;&nbsp;&nbsp; E-mail Address<br>&nbsp;&nbsp;&nbsp; Telefon (optional)<br>&nbsp;&nbsp;&nbsp; Passwort<\/p>\n<p>Die Erhebung der Daten erfolgt zum Zweck, dem Kunden einen passwortgeschu\u0308tzten direkten Zugang zu seinen bei uns gespeicherten Basisdaten zur Verf\u00fcgung zu stellen. Der Kunde kann darin seine abgeschlossenen und offenen Bestellungen einsehen oder seine pers\u00f6nlichen Daten verwalten bzw. \u00e4ndern.<\/p>\n<p>Die Rechtsgrundlage der Verarbeitung der Daten f\u00fcr diesen Zweck liegt in der von Ihnen erteilten Einwilligung.<\/p>\n<p>\u00a7 11 Einkauf im Onlineshop<br>Wenn Sie in unserem Onlineshop Bestellungen t\u00e4tigen m\u00f6chten, ben\u00f6tigen wir f\u00fcr die Abwicklung des Vertrags folgende Daten:<\/p>\n<p>&nbsp;&nbsp;&nbsp; Vor- und Nachname<br>&nbsp;&nbsp;&nbsp; Rechnungsadresse (und falls abweichend Lieferadresse)<br>&nbsp;&nbsp;&nbsp; Angaben im Rahmen der Zahlung (abh\u00e4ngig von der gew\u00e4hlten Zahlungsmethode)<br>&nbsp;&nbsp;&nbsp; Login-Daten, d.h. E-Mail-Adresse und Passwort (bei registrierten Kunden)<\/p>\n<p>Sofern in dieser Datenschutzerkl\u00e4rung nicht anders festgehalten bzw. Sie dazu nicht gesondert eingewilligt haben, werden wir die vorgenannten Daten nur benutzen, um den Vertrag abzuwickeln, namentlich um Ihre Bestellungen zu bearbeiten, die bestellten Produkte auszuliefern und die korrekte Zahlung sicherzustellen.<\/p>\n<p>Wenn Sie uns personenbezogene Daten anderer Personen zur Verf\u00fcgung stellen, z.B. Daten \u00fcber den Empf\u00e4nger eines Geschenks, geben Sie uns personenbezogene Daten des Empf\u00e4ngers bitte nur dann bekannt, wenn Sie dazu gem\u00e4ss den geltenden Datenschutzgesetzen berechtigt sind und wenn die andere Person damit einverstanden ist, dass Sie uns die personenbezogenen Daten f\u00fcr die Zwecke der Verarbeitung zur Verf\u00fcgung stellen.<\/p>\n<p>Die Rechtsgrundlage der Datenverarbeitung zu diesem Zweck liegt in der Erf\u00fcllung eines Vertrages.<\/p>\n<p>\u00a7 12&nbsp; Weitergabe der Daten an Dritte<\/p>\n<p>Wir geben Ihre personenbezogenen Daten nur weiter, wenn Sie ausdr\u00fccklich eingewilligt haben, hierf\u00fcr eine gesetzliche Verpflichtung besteht oder dies zur Durchsetzung unserer Rechte, insbesondere zur Durchsetzung von Anspr\u00fcchen aus dem Vertragsverh\u00e4ltnis, erforderlich ist.<\/p>\n<p>Dar\u00fcber hinaus geben wir Ihre Daten an Dritte weiter, soweit dies im Rahmen der Nutzung der Webseite und der Vertragsabwicklung (auch ausserhalb der Webseite), namentlich der Verarbeitung Ihrer Bestellung erforderlich ist. Hierzu z\u00e4hlt der jeweilige Transportdienstleister, der mit dem Versand von bestellten Waren betraut wurde. Die Webseite wird auf Servern in der Schweiz gehostet. Die Weitergabe der Daten erfolgt zum Zweck der Bereitstellung und Aufrechterhaltung der Funktionalit\u00e4ten unserer Website.<\/p>\t\t\t\t\t\t\t\t<\/div>\n\t\t\t\t<\/div>\n\t\t\t\t\t<\/div>\n\t\t<\/div>\n\t\t\t\t\t<\/div>\n\t\t<\/section>\n\t\t\t\t<\/div>","protected":false},"excerpt":{"rendered":"<p>Allgemeine Gesch\u00e4ftsbedingungen (AGB) &nbsp; &nbsp; \u00a7 1 VerwenderAls Verwender dieser AGB gilt: Spatz Custom Gear SolutionsOberwilerweg 32CH-4852 RothristUID: CHE-442.561.192Registergericht: Kanton Aargau \u00a7 2 GeltungsbereichDiese Allgemeinen Gesch\u00e4ftsbedingungen gelten f\u00fcr alle Rechtsgesch\u00e4fte zwischen dem Verwender und einem Verbraucher (einer \u201enat\u00fcrlichen Person, die ein Rechtsgesch\u00e4ft zu Zwecken abschlie\u00dft, die \u00fcberwiegend weder ihrer gewerblichen noch ihrer selbst\u00e4ndigen beruflichen T\u00e4tigkeit [&hellip;]<\/p>\n","protected":false},"author":1,"featured_media":0,"parent":0,"menu_order":0,"comment_status":"closed","ping_status":"closed","template":"","meta":{"site-sidebar-layout":"no-sidebar","site-content-layout":"page-builder","ast-site-content-layout":"default","site-content-style":"default","site-sidebar-style":"default","ast-global-header-display":"","ast-banner-title-visibility":"","ast-main-header-display":"","ast-hfb-above-header-display":"","ast-hfb-below-header-display":"","ast-hfb-mobile-header-display":"","site-post-title":"disabled","ast-breadcrumbs-content":"","ast-featured-img":"disabled","footer-sml-layout":"","ast-disable-related-posts":"","theme-transparent-header-meta":"","adv-header-id-meta":"","stick-header-meta":"","header-above-stick-meta":"","header-main-stick-meta":"","header-below-stick-meta":"","astra-migrate-meta-layouts":"default","ast-page-background-enabled":"default","ast-page-background-meta":{"desktop":{"background-color":"","background-image":"","background-repeat":"repeat","background-position":"center center","background-size":"auto","background-attachment":"scroll","background-type":"","background-media":"","overlay-type":"","overlay-color":"","overlay-opacity":"","overlay-gradient":""},"tablet":{"background-color":"","background-image":"","background-repeat":"repeat","background-position":"center center","background-size":"auto","background-attachment":"scroll","background-type":"","background-media":"","overlay-type":"","overlay-color":"","overlay-opacity":"","overlay-gradient":""},"mobile":{"background-color":"","background-image":"","background-repeat":"repeat","background-position":"center center","background-size":"auto","background-attachment":"scroll","background-type":"","background-media":"","overlay-type":"","overlay-color":"","overlay-opacity":"","overlay-gradient":""}},"ast-content-background-meta":{"desktop":{"background-color":"var(--ast-global-color-5)","background-image":"","background-repeat":"repeat","background-position":"center center","background-size":"auto","background-attachment":"scroll","background-type":"","background-media":"","overlay-type":"","overlay-color":"","overlay-opacity":"","overlay-gradient":""},"tablet":{"background-color":"var(--ast-global-color-5)","background-image":"","background-repeat":"repeat","background-position":"center center","background-size":"auto","background-attachment":"scroll","background-type":"","background-media":"","overlay-type":"","overlay-color":"","overlay-opacity":"","overlay-gradient":""},"mobile":{"background-color":"var(--ast-global-color-5)","background-image":"","background-repeat":"repeat","background-position":"center center","background-size":"auto","background-attachment":"scroll","background-type":"","background-media":"","overlay-type":"","overlay-color":"","overlay-opacity":"","overlay-gradient":""}},"pgc_sgb_lightbox_settings":"","footnotes":""},"class_list":["post-85619","page","type-page","status-publish","hentry"],"yoast_head":"<!-- This site is optimized with the Yoast SEO plugin v27.5 - https:\/\/yoast.com\/product\/yoast-seo-wordpress\/ -->\n<title>Allgemeine Gesch\u00e4ftsbedingungen (AGB) - Custom Gear Solutions<\/title>\n<meta name=\"robots\" content=\"index, follow, max-snippet:-1, max-image-preview:large, max-video-preview:-1\" \/>\n<link rel=\"canonical\" href=\"https:\/\/custom-gear.ch\/en\/agb\/\" \/>\n<meta property=\"og:locale\" content=\"en_US\" \/>\n<meta property=\"og:type\" content=\"article\" \/>\n<meta property=\"og:title\" content=\"Allgemeine Gesch\u00e4ftsbedingungen (AGB) - Custom Gear Solutions\" \/>\n<meta property=\"og:description\" content=\"Allgemeine Gesch\u00e4ftsbedingungen (AGB) &nbsp; &nbsp; \u00a7 1 VerwenderAls Verwender dieser AGB gilt: Spatz Custom Gear SolutionsOberwilerweg 32CH-4852 RothristUID: CHE-442.561.192Registergericht: Kanton Aargau \u00a7 2 GeltungsbereichDiese Allgemeinen Gesch\u00e4ftsbedingungen gelten f\u00fcr alle Rechtsgesch\u00e4fte zwischen dem Verwender und einem Verbraucher (einer \u201enat\u00fcrlichen Person, die ein Rechtsgesch\u00e4ft zu Zwecken abschlie\u00dft, die \u00fcberwiegend weder ihrer gewerblichen noch ihrer selbst\u00e4ndigen beruflichen T\u00e4tigkeit [&hellip;]\" \/>\n<meta property=\"og:url\" content=\"https:\/\/custom-gear.ch\/en\/agb\/\" \/>\n<meta property=\"og:site_name\" content=\"Custom Gear Solutions\" \/>\n<meta property=\"article:modified_time\" content=\"2026-04-01T14:26:40+00:00\" \/>\n<meta name=\"twitter:card\" content=\"summary_large_image\" \/>\n<meta name=\"twitter:label1\" content=\"Est. reading time\" \/>\n\t<meta name=\"twitter:data1\" content=\"5 minutes\" \/>\n<script type=\"application\/ld+json\" class=\"yoast-schema-graph\">{\"@context\":\"https:\\\/\\\/schema.org\",\"@graph\":[{\"@type\":\"WebPage\",\"@id\":\"https:\\\/\\\/custom-gear.ch\\\/agb\\\/\",\"url\":\"https:\\\/\\\/custom-gear.ch\\\/agb\\\/\",\"name\":\"Allgemeine Gesch\u00e4ftsbedingungen (AGB) - Custom Gear Solutions\",\"isPartOf\":{\"@id\":\"https:\\\/\\\/custom-gear.ch\\\/#website\"},\"datePublished\":\"2020-12-26T15:31:11+00:00\",\"dateModified\":\"2026-04-01T14:26:40+00:00\",\"breadcrumb\":{\"@id\":\"https:\\\/\\\/custom-gear.ch\\\/agb\\\/#breadcrumb\"},\"inLanguage\":\"en-US\",\"potentialAction\":[{\"@type\":\"ReadAction\",\"target\":[\"https:\\\/\\\/custom-gear.ch\\\/agb\\\/\"]}]},{\"@type\":\"BreadcrumbList\",\"@id\":\"https:\\\/\\\/custom-gear.ch\\\/agb\\\/#breadcrumb\",\"itemListElement\":[{\"@type\":\"ListItem\",\"position\":1,\"name\":\"Startseite\",\"item\":\"https:\\\/\\\/custom-gear.ch\\\/\"},{\"@type\":\"ListItem\",\"position\":2,\"name\":\"Allgemeine Gesch\u00e4ftsbedingungen (AGB)\"}]},{\"@type\":\"WebSite\",\"@id\":\"https:\\\/\\\/custom-gear.ch\\\/#website\",\"url\":\"https:\\\/\\\/custom-gear.ch\\\/\",\"name\":\"Custom Gear Solutions - Kydex Holster\",\"description\":\"Swiss Made Kydex Holster\",\"publisher\":{\"@id\":\"https:\\\/\\\/custom-gear.ch\\\/#organization\"},\"potentialAction\":[{\"@type\":\"SearchAction\",\"target\":{\"@type\":\"EntryPoint\",\"urlTemplate\":\"https:\\\/\\\/custom-gear.ch\\\/?s={search_term_string}\"},\"query-input\":{\"@type\":\"PropertyValueSpecification\",\"valueRequired\":true,\"valueName\":\"search_term_string\"}}],\"inLanguage\":\"en-US\"},{\"@type\":\"Organization\",\"@id\":\"https:\\\/\\\/custom-gear.ch\\\/#organization\",\"name\":\"Custom Gear Solutions - Kydex Holster\",\"url\":\"https:\\\/\\\/custom-gear.ch\\\/\",\"logo\":{\"@type\":\"ImageObject\",\"inLanguage\":\"en-US\",\"@id\":\"https:\\\/\\\/custom-gear.ch\\\/#\\\/schema\\\/logo\\\/image\\\/\",\"url\":\"https:\\\/\\\/i0.wp.com\\\/custom-gear.ch\\\/wp-content\\\/uploads\\\/2021\\\/01\\\/Logo_PNG_BLACK.png?fit=1800%2C1070&ssl=1\",\"contentUrl\":\"https:\\\/\\\/i0.wp.com\\\/custom-gear.ch\\\/wp-content\\\/uploads\\\/2021\\\/01\\\/Logo_PNG_BLACK.png?fit=1800%2C1070&ssl=1\",\"width\":1800,\"height\":1070,\"caption\":\"Custom Gear Solutions - Kydex Holster\"},\"image\":{\"@id\":\"https:\\\/\\\/custom-gear.ch\\\/#\\\/schema\\\/logo\\\/image\\\/\"},\"sameAs\":[\"https:\\\/\\\/www.instagram.com\\\/custom_gear.ch\\\/\"]}]}<\/script>\n<!-- \/ Yoast SEO plugin. -->","yoast_head_json":{"title":"Allgemeine Gesch\u00e4ftsbedingungen (AGB) - Custom Gear Solutions","robots":{"index":"index","follow":"follow","max-snippet":"max-snippet:-1","max-image-preview":"max-image-preview:large","max-video-preview":"max-video-preview:-1"},"canonical":"https:\/\/custom-gear.ch\/en\/agb\/","og_locale":"en_US","og_type":"article","og_title":"Allgemeine Gesch\u00e4ftsbedingungen (AGB) - Custom Gear Solutions","og_description":"Allgemeine Gesch\u00e4ftsbedingungen (AGB) &nbsp; &nbsp; \u00a7 1 VerwenderAls Verwender dieser AGB gilt: Spatz Custom Gear SolutionsOberwilerweg 32CH-4852 RothristUID: CHE-442.561.192Registergericht: Kanton Aargau \u00a7 2 GeltungsbereichDiese Allgemeinen Gesch\u00e4ftsbedingungen gelten f\u00fcr alle Rechtsgesch\u00e4fte zwischen dem Verwender und einem Verbraucher (einer \u201enat\u00fcrlichen Person, die ein Rechtsgesch\u00e4ft zu Zwecken abschlie\u00dft, die \u00fcberwiegend weder ihrer gewerblichen noch ihrer selbst\u00e4ndigen beruflichen T\u00e4tigkeit [&hellip;]","og_url":"https:\/\/custom-gear.ch\/en\/agb\/","og_site_name":"Custom Gear Solutions","article_modified_time":"2026-04-01T14:26:40+00:00","twitter_card":"summary_large_image","twitter_misc":{"Est. reading time":"5 minutes"},"schema":{"@context":"https:\/\/schema.org","@graph":[{"@type":"WebPage","@id":"https:\/\/custom-gear.ch\/agb\/","url":"https:\/\/custom-gear.ch\/agb\/","name":"Allgemeine Gesch\u00e4ftsbedingungen (AGB) - Custom Gear Solutions","isPartOf":{"@id":"https:\/\/custom-gear.ch\/#website"},"datePublished":"2020-12-26T15:31:11+00:00","dateModified":"2026-04-01T14:26:40+00:00","breadcrumb":{"@id":"https:\/\/custom-gear.ch\/agb\/#breadcrumb"},"inLanguage":"en-US","potentialAction":[{"@type":"ReadAction","target":["https:\/\/custom-gear.ch\/agb\/"]}]},{"@type":"BreadcrumbList","@id":"https:\/\/custom-gear.ch\/agb\/#breadcrumb","itemListElement":[{"@type":"ListItem","position":1,"name":"Startseite","item":"https:\/\/custom-gear.ch\/"},{"@type":"ListItem","position":2,"name":"Allgemeine Gesch\u00e4ftsbedingungen (AGB)"}]},{"@type":"WebSite","@id":"https:\/\/custom-gear.ch\/#website","url":"https:\/\/custom-gear.ch\/","name":"Custom Gear Solutions - Kydex Holster","description":"Swiss Made Kydex Holster","publisher":{"@id":"https:\/\/custom-gear.ch\/#organization"},"potentialAction":[{"@type":"SearchAction","target":{"@type":"EntryPoint","urlTemplate":"https:\/\/custom-gear.ch\/?s={search_term_string}"},"query-input":{"@type":"PropertyValueSpecification","valueRequired":true,"valueName":"search_term_string"}}],"inLanguage":"en-US"},{"@type":"Organization","@id":"https:\/\/custom-gear.ch\/#organization","name":"Custom Gear Solutions - Kydex Holster","url":"https:\/\/custom-gear.ch\/","logo":{"@type":"ImageObject","inLanguage":"en-US","@id":"https:\/\/custom-gear.ch\/#\/schema\/logo\/image\/","url":"https:\/\/i0.wp.com\/custom-gear.ch\/wp-content\/uploads\/2021\/01\/Logo_PNG_BLACK.png?fit=1800%2C1070&ssl=1","contentUrl":"https:\/\/i0.wp.com\/custom-gear.ch\/wp-content\/uploads\/2021\/01\/Logo_PNG_BLACK.png?fit=1800%2C1070&ssl=1","width":1800,"height":1070,"caption":"Custom Gear Solutions - Kydex Holster"},"image":{"@id":"https:\/\/custom-gear.ch\/#\/schema\/logo\/image\/"},"sameAs":["https:\/\/www.instagram.com\/custom_gear.ch\/"]}]}},"jetpack_sharing_enabled":true,"_links":{"self":[{"href":"https:\/\/custom-gear.ch\/en\/wp-json\/wp\/v2\/pages\/85619","targetHints":{"allow":["GET"]}}],"collection":[{"href":"https:\/\/custom-gear.ch\/en\/wp-json\/wp\/v2\/pages"}],"about":[{"href":"https:\/\/custom-gear.ch\/en\/wp-json\/wp\/v2\/types\/page"}],"author":[{"embeddable":true,"href":"https:\/\/custom-gear.ch\/en\/wp-json\/wp\/v2\/users\/1"}],"replies":[{"embeddable":true,"href":"https:\/\/custom-gear.ch\/en\/wp-json\/wp\/v2\/comments?post=85619"}],"version-history":[{"count":52,"href":"https:\/\/custom-gear.ch\/en\/wp-json\/wp\/v2\/pages\/85619\/revisions"}],"predecessor-version":[{"id":801261,"href":"https:\/\/custom-gear.ch\/en\/wp-json\/wp\/v2\/pages\/85619\/revisions\/801261"}],"wp:attachment":[{"href":"https:\/\/custom-gear.ch\/en\/wp-json\/wp\/v2\/media?parent=85619"}],"curies":[{"name":"wp","href":"https:\/\/api.w.org\/{rel}","templated":true}]}}