{"id":578872,"date":"2021-02-12T17:49:55","date_gmt":"2021-02-12T16:49:55","guid":{"rendered":"https:\/\/custom-gear.ch\/?page_id=578872"},"modified":"2025-03-27T10:27:20","modified_gmt":"2025-03-27T09:27:20","slug":"begriffe","status":"publish","type":"page","link":"https:\/\/custom-gear.ch\/en\/begriffe\/","title":{"rendered":"TERMS"},"content":{"rendered":"<div data-elementor-type=\"wp-page\" data-elementor-id=\"578872\" class=\"elementor elementor-578872\" data-elementor-post-type=\"page\">\n\t\t\t\t\t\t<section class=\"elementor-section elementor-top-section elementor-element elementor-element-1fb7387 elementor-section-full_width elementor-section-height-default elementor-section-height-default\" data-id=\"1fb7387\" data-element_type=\"section\" data-e-type=\"section\" data-settings=\"{&quot;background_background&quot;:&quot;classic&quot;}\">\n\t\t\t\t\t\t\t<div class=\"elementor-background-overlay\"><\/div>\n\t\t\t\t\t\t\t<div class=\"elementor-container elementor-column-gap-default\">\n\t\t\t\t\t<div class=\"elementor-column elementor-col-100 elementor-top-column elementor-element elementor-element-9877919\" data-id=\"9877919\" data-element_type=\"column\" data-e-type=\"column\">\n\t\t\t<div class=\"elementor-widget-wrap elementor-element-populated\">\n\t\t\t\t\t\t<div class=\"elementor-element elementor-element-223d0c5 elementor-widget-divider--view-line elementor-widget elementor-widget-divider\" data-id=\"223d0c5\" data-element_type=\"widget\" data-e-type=\"widget\" data-widget_type=\"divider.default\">\n\t\t\t\t<div class=\"elementor-widget-container\">\n\t\t\t\t\t\t\t<div class=\"elementor-divider\">\n\t\t\t<span class=\"elementor-divider-separator\">\n\t\t\t\t\t\t<\/span>\n\t\t<\/div>\n\t\t\t\t\t\t<\/div>\n\t\t\t\t<\/div>\n\t\t\t\t\t<\/div>\n\t\t<\/div>\n\t\t\t\t\t<\/div>\n\t\t<\/section>\n\t\t\t\t<section class=\"elementor-section elementor-top-section elementor-element elementor-element-9f1217e elementor-section-boxed elementor-section-height-default elementor-section-height-default\" data-id=\"9f1217e\" data-element_type=\"section\" data-e-type=\"section\" data-settings=\"{&quot;background_background&quot;:&quot;classic&quot;}\">\n\t\t\t\t\t\t<div class=\"elementor-container elementor-column-gap-default\">\n\t\t\t\t\t<div class=\"elementor-column elementor-col-100 elementor-top-column elementor-element elementor-element-b3c55a6\" data-id=\"b3c55a6\" data-element_type=\"column\" data-e-type=\"column\">\n\t\t\t<div class=\"elementor-widget-wrap elementor-element-populated\">\n\t\t\t\t\t\t<div class=\"elementor-element elementor-element-bbc023e elementor-widget elementor-widget-text-editor\" data-id=\"bbc023e\" data-element_type=\"widget\" data-e-type=\"widget\" data-widget_type=\"text-editor.default\">\n\t\t\t\t<div class=\"elementor-widget-container\">\n\t\t\t\t\t\t\t\t\t<p><u><b><a href=\"https:\/\/custom-gear.ch\/en\/product-category\/zubehor\/gurtsteg\/\" target=\"_blank\" rel=\"noopener\">BELT ATTACHMENT<\/a><\/b><\/u><\/p><p>Wird ben\u00f6tigt um ein OWB-Holster am G\u00fcrtel zu befestigen.<\/p><p><u><b><a href=\"https:\/\/custom-gear.ch\/en\/artikel\/buegelsicherung\/\" target=\"_blank\" rel=\"noopener\">LEVEL 2 (B\u00dcGELSICHERUNG) <\/a><\/b><\/u><\/p><p>Der Unterschied zwischen einem Level 1 und Level 2 Holster ist im Wesentlichen der, dass die Waffe bei einem Level 2 Holster zuz\u00fcglich mit einer B\u00fcgelsicherung oder einer Gummikordel (ShockCord) gesichert wird.<\/p><p><u><b><a href=\"https:\/\/custom-gear.ch\/en\/product-category\/owb-holster\/\" target=\"_blank\" rel=\"noopener\">OWB<\/a><\/b><\/u><\/p><p>Outside the Waist Band ist das g\u00e4ngigstes Holsterformat; Das Holster wird aussen getragen.<\/p><p><u><b><a href=\"https:\/\/custom-gear.ch\/en\/product-category\/iwb\/\" target=\"_blank\" rel=\"noopener\">IWB<\/a><\/b><\/u><\/p><p>Inside the Waist Band (verdecktes Tragen). Das Holster wird im Hosenbund getragen.<\/p><p><u><b><a href=\"https:\/\/custom-gear.ch\/en\/product-category\/pancake\/\" target=\"_blank\" rel=\"noopener\">PANCAKE<\/a><\/b><\/u><\/p><p>Zwei separate Kydex-Platten, zusammengeschraubt oder genietet. Meistens f\u00fcrs verdeckte Tragen gedacht, zum Beispiel unter einem Jacket. Wird ausserhalb des Hosenbunds am Gurt gefedelt, getragen bei der 3-Uhr oder 9-Uhr Position.<\/p><p><b><u><a href=\"https:\/\/custom-gear.ch\/en\/product-category\/sidecar-holster\/\" target=\"_blank\" rel=\"noopener\">SIDECAR<\/a><\/u><\/b><\/p><p>Holster f\u00fcrs verdeckte tragen bei der 12-Uhr Position, im Hosenbund (IWB). Hier musst du zwingend darauf achten, dass beim Holstern der Waffe keine Kleidungsst\u00fccke mit ins Holster gezogen werden (accidental discharge). Am besten ein sehr eng am K\u00f6rper liegendes Shirt tragen.<\/p><p><u><b>MOUNTING HOLES<\/b><\/u><\/p><p>L\u00f6cher am OWB-Holster. S\u00e4mtliche OWB Holster k\u00f6nnen mit Bohrungen versehen werden (MULTI) die mit den g\u00e4ngigsten Marken von Gurtstegen kompatibel sind. Dies bedeutet, dass ein Holster an Blackhawk, G-Code, Safariland, Blade Tech Systemen montiert werden kann. Somit kann das Holster bei einem etwaigen Systemwechsel mitgenommen und muss nicht ersetzt werden.<\/p>\t\t\t\t\t\t\t\t<\/div>\n\t\t\t\t<\/div>\n\t\t\t\t\t<\/div>\n\t\t<\/div>\n\t\t\t\t\t<\/div>\n\t\t<\/section>\n\t\t\t\t<section class=\"elementor-section elementor-top-section elementor-element elementor-element-86c9c0c elementor-section-full_width elementor-section-height-default elementor-section-height-default\" data-id=\"86c9c0c\" data-element_type=\"section\" data-e-type=\"section\">\n\t\t\t\t\t\t<div class=\"elementor-container elementor-column-gap-default\">\n\t\t\t\t\t<div class=\"elementor-column elementor-col-100 elementor-top-column elementor-element elementor-element-f812490\" data-id=\"f812490\" data-element_type=\"column\" data-e-type=\"column\">\n\t\t\t<div class=\"elementor-widget-wrap elementor-element-populated\">\n\t\t\t\t\t\t<div class=\"elementor-element elementor-element-bec54da elementor-widget-divider--view-line elementor-widget elementor-widget-divider\" data-id=\"bec54da\" data-element_type=\"widget\" data-e-type=\"widget\" data-widget_type=\"divider.default\">\n\t\t\t\t<div class=\"elementor-widget-container\">\n\t\t\t\t\t\t\t<div class=\"elementor-divider\">\n\t\t\t<span class=\"elementor-divider-separator\">\n\t\t\t\t\t\t<\/span>\n\t\t<\/div>\n\t\t\t\t\t\t<\/div>\n\t\t\t\t<\/div>\n\t\t\t\t\t<\/div>\n\t\t<\/div>\n\t\t\t\t\t<\/div>\n\t\t<\/section>\n\t\t\t\t<\/div>","protected":false},"excerpt":{"rendered":"<p>GURTSTEG Wird ben\u00f6tigt um ein OWB-Holster am G\u00fcrtel zu befestigen. LEVEL 2 (B\u00dcGELSICHERUNG) Der Unterschied zwischen einem Level 1 und Level 2 Holster ist im Wesentlichen der, dass die Waffe bei einem Level 2 Holster zuz\u00fcglich mit einer B\u00fcgelsicherung oder einer Gummikordel (ShockCord) gesichert wird. OWB Outside the Waist Band ist das g\u00e4ngigstes Holsterformat; Das [&hellip;]<\/p>\n","protected":false},"author":1,"featured_media":0,"parent":0,"menu_order":0,"comment_status":"closed","ping_status":"closed","template":"elementor_header_footer","meta":{"site-sidebar-layout":"default","site-content-layout":"default","ast-site-content-layout":"default","site-content-style":"default","site-sidebar-style":"default","ast-global-header-display":"","ast-banner-title-visibility":"","ast-main-header-display":"","ast-hfb-above-header-display":"","ast-hfb-below-header-display":"","ast-hfb-mobile-header-display":"","site-post-title":"disabled","ast-breadcrumbs-content":"","ast-featured-img":"","footer-sml-layout":"","ast-disable-related-posts":"","theme-transparent-header-meta":"default","adv-header-id-meta":"","stick-header-meta":"","header-above-stick-meta":"","header-main-stick-meta":"","header-below-stick-meta":"","astra-migrate-meta-layouts":"default","ast-page-background-enabled":"default","ast-page-background-meta":{"desktop":{"background-color":"","background-image":"","background-repeat":"repeat","background-position":"center center","background-size":"auto","background-attachment":"scroll","background-type":"","background-media":"","overlay-type":"","overlay-color":"","overlay-opacity":"","overlay-gradient":""},"tablet":{"background-color":"","background-image":"","background-repeat":"repeat","background-position":"center center","background-size":"auto","background-attachment":"scroll","background-type":"","background-media":"","overlay-type":"","overlay-color":"","overlay-opacity":"","overlay-gradient":""},"mobile":{"background-color":"","background-image":"","background-repeat":"repeat","background-position":"center center","background-size":"auto","background-attachment":"scroll","background-type":"","background-media":"","overlay-type":"","overlay-color":"","overlay-opacity":"","overlay-gradient":""}},"ast-content-background-meta":{"desktop":{"background-color":"var(--ast-global-color-5)","background-image":"","background-repeat":"repeat","background-position":"center center","background-size":"auto","background-attachment":"scroll","background-type":"","background-media":"","overlay-type":"","overlay-color":"","overlay-opacity":"","overlay-gradient":""},"tablet":{"background-color":"var(--ast-global-color-5)","background-image":"","background-repeat":"repeat","background-position":"center center","background-size":"auto","background-attachment":"scroll","background-type":"","background-media":"","overlay-type":"","overlay-color":"","overlay-opacity":"","overlay-gradient":""},"mobile":{"background-color":"var(--ast-global-color-5)","background-image":"","background-repeat":"repeat","background-position":"center center","background-size":"auto","background-attachment":"scroll","background-type":"","background-media":"","overlay-type":"","overlay-color":"","overlay-opacity":"","overlay-gradient":""}},"pgc_sgb_lightbox_settings":"","footnotes":""},"class_list":["post-578872","page","type-page","status-publish","hentry"],"yoast_head":"<!-- This site is optimized with the Yoast SEO plugin v27.5 - https:\/\/yoast.com\/product\/yoast-seo-wordpress\/ -->\n<title>BEGRIFFE - Custom Gear Solutions<\/title>\n<meta name=\"robots\" content=\"index, follow, max-snippet:-1, max-image-preview:large, max-video-preview:-1\" \/>\n<link rel=\"canonical\" href=\"https:\/\/custom-gear.ch\/en\/begriffe\/\" \/>\n<meta property=\"og:locale\" content=\"en_US\" \/>\n<meta property=\"og:type\" content=\"article\" \/>\n<meta property=\"og:title\" content=\"BEGRIFFE - Custom Gear Solutions\" \/>\n<meta property=\"og:description\" content=\"GURTSTEG Wird ben\u00f6tigt um ein OWB-Holster am G\u00fcrtel zu befestigen. LEVEL 2 (B\u00dcGELSICHERUNG) Der Unterschied zwischen einem Level 1 und Level 2 Holster ist im Wesentlichen der, dass die Waffe bei einem Level 2 Holster zuz\u00fcglich mit einer B\u00fcgelsicherung oder einer Gummikordel (ShockCord) gesichert wird. OWB Outside the Waist Band ist das g\u00e4ngigstes Holsterformat; Das [&hellip;]\" \/>\n<meta property=\"og:url\" content=\"https:\/\/custom-gear.ch\/en\/begriffe\/\" \/>\n<meta property=\"og:site_name\" content=\"Custom Gear Solutions\" \/>\n<meta property=\"article:modified_time\" content=\"2025-03-27T09:27:20+00:00\" \/>\n<meta name=\"twitter:card\" content=\"summary_large_image\" \/>\n<meta name=\"twitter:label1\" content=\"Est. reading time\" \/>\n\t<meta name=\"twitter:data1\" content=\"2 minutes\" \/>\n<script type=\"application\/ld+json\" class=\"yoast-schema-graph\">{\"@context\":\"https:\\\/\\\/schema.org\",\"@graph\":[{\"@type\":\"WebPage\",\"@id\":\"https:\\\/\\\/custom-gear.ch\\\/begriffe\\\/\",\"url\":\"https:\\\/\\\/custom-gear.ch\\\/begriffe\\\/\",\"name\":\"BEGRIFFE - Custom Gear Solutions\",\"isPartOf\":{\"@id\":\"https:\\\/\\\/custom-gear.ch\\\/#website\"},\"datePublished\":\"2021-02-12T16:49:55+00:00\",\"dateModified\":\"2025-03-27T09:27:20+00:00\",\"breadcrumb\":{\"@id\":\"https:\\\/\\\/custom-gear.ch\\\/begriffe\\\/#breadcrumb\"},\"inLanguage\":\"en-US\",\"potentialAction\":[{\"@type\":\"ReadAction\",\"target\":[\"https:\\\/\\\/custom-gear.ch\\\/begriffe\\\/\"]}]},{\"@type\":\"BreadcrumbList\",\"@id\":\"https:\\\/\\\/custom-gear.ch\\\/begriffe\\\/#breadcrumb\",\"itemListElement\":[{\"@type\":\"ListItem\",\"position\":1,\"name\":\"Startseite\",\"item\":\"https:\\\/\\\/custom-gear.ch\\\/\"},{\"@type\":\"ListItem\",\"position\":2,\"name\":\"BEGRIFFE\"}]},{\"@type\":\"WebSite\",\"@id\":\"https:\\\/\\\/custom-gear.ch\\\/#website\",\"url\":\"https:\\\/\\\/custom-gear.ch\\\/\",\"name\":\"Custom Gear Solutions - Kydex Holster\",\"description\":\"Swiss Made Kydex Holster\",\"publisher\":{\"@id\":\"https:\\\/\\\/custom-gear.ch\\\/#organization\"},\"potentialAction\":[{\"@type\":\"SearchAction\",\"target\":{\"@type\":\"EntryPoint\",\"urlTemplate\":\"https:\\\/\\\/custom-gear.ch\\\/?s={search_term_string}\"},\"query-input\":{\"@type\":\"PropertyValueSpecification\",\"valueRequired\":true,\"valueName\":\"search_term_string\"}}],\"inLanguage\":\"en-US\"},{\"@type\":\"Organization\",\"@id\":\"https:\\\/\\\/custom-gear.ch\\\/#organization\",\"name\":\"Custom Gear Solutions - Kydex Holster\",\"url\":\"https:\\\/\\\/custom-gear.ch\\\/\",\"logo\":{\"@type\":\"ImageObject\",\"inLanguage\":\"en-US\",\"@id\":\"https:\\\/\\\/custom-gear.ch\\\/#\\\/schema\\\/logo\\\/image\\\/\",\"url\":\"https:\\\/\\\/i0.wp.com\\\/custom-gear.ch\\\/wp-content\\\/uploads\\\/2021\\\/01\\\/Logo_PNG_BLACK.png?fit=1800%2C1070&ssl=1\",\"contentUrl\":\"https:\\\/\\\/i0.wp.com\\\/custom-gear.ch\\\/wp-content\\\/uploads\\\/2021\\\/01\\\/Logo_PNG_BLACK.png?fit=1800%2C1070&ssl=1\",\"width\":1800,\"height\":1070,\"caption\":\"Custom Gear Solutions - Kydex Holster\"},\"image\":{\"@id\":\"https:\\\/\\\/custom-gear.ch\\\/#\\\/schema\\\/logo\\\/image\\\/\"},\"sameAs\":[\"https:\\\/\\\/www.instagram.com\\\/custom_gear.ch\\\/\"]}]}<\/script>\n<!-- \/ Yoast SEO plugin. -->","yoast_head_json":{"title":"BEGRIFFE - Custom Gear Solutions","robots":{"index":"index","follow":"follow","max-snippet":"max-snippet:-1","max-image-preview":"max-image-preview:large","max-video-preview":"max-video-preview:-1"},"canonical":"https:\/\/custom-gear.ch\/en\/begriffe\/","og_locale":"en_US","og_type":"article","og_title":"BEGRIFFE - Custom Gear Solutions","og_description":"GURTSTEG Wird ben\u00f6tigt um ein OWB-Holster am G\u00fcrtel zu befestigen. LEVEL 2 (B\u00dcGELSICHERUNG) Der Unterschied zwischen einem Level 1 und Level 2 Holster ist im Wesentlichen der, dass die Waffe bei einem Level 2 Holster zuz\u00fcglich mit einer B\u00fcgelsicherung oder einer Gummikordel (ShockCord) gesichert wird. OWB Outside the Waist Band ist das g\u00e4ngigstes Holsterformat; Das [&hellip;]","og_url":"https:\/\/custom-gear.ch\/en\/begriffe\/","og_site_name":"Custom Gear Solutions","article_modified_time":"2025-03-27T09:27:20+00:00","twitter_card":"summary_large_image","twitter_misc":{"Est. reading time":"2 minutes"},"schema":{"@context":"https:\/\/schema.org","@graph":[{"@type":"WebPage","@id":"https:\/\/custom-gear.ch\/begriffe\/","url":"https:\/\/custom-gear.ch\/begriffe\/","name":"BEGRIFFE - Custom Gear Solutions","isPartOf":{"@id":"https:\/\/custom-gear.ch\/#website"},"datePublished":"2021-02-12T16:49:55+00:00","dateModified":"2025-03-27T09:27:20+00:00","breadcrumb":{"@id":"https:\/\/custom-gear.ch\/begriffe\/#breadcrumb"},"inLanguage":"en-US","potentialAction":[{"@type":"ReadAction","target":["https:\/\/custom-gear.ch\/begriffe\/"]}]},{"@type":"BreadcrumbList","@id":"https:\/\/custom-gear.ch\/begriffe\/#breadcrumb","itemListElement":[{"@type":"ListItem","position":1,"name":"Startseite","item":"https:\/\/custom-gear.ch\/"},{"@type":"ListItem","position":2,"name":"BEGRIFFE"}]},{"@type":"WebSite","@id":"https:\/\/custom-gear.ch\/#website","url":"https:\/\/custom-gear.ch\/","name":"Custom Gear Solutions - Kydex Holster","description":"Swiss Made Kydex Holster","publisher":{"@id":"https:\/\/custom-gear.ch\/#organization"},"potentialAction":[{"@type":"SearchAction","target":{"@type":"EntryPoint","urlTemplate":"https:\/\/custom-gear.ch\/?s={search_term_string}"},"query-input":{"@type":"PropertyValueSpecification","valueRequired":true,"valueName":"search_term_string"}}],"inLanguage":"en-US"},{"@type":"Organization","@id":"https:\/\/custom-gear.ch\/#organization","name":"Custom Gear Solutions - Kydex Holster","url":"https:\/\/custom-gear.ch\/","logo":{"@type":"ImageObject","inLanguage":"en-US","@id":"https:\/\/custom-gear.ch\/#\/schema\/logo\/image\/","url":"https:\/\/i0.wp.com\/custom-gear.ch\/wp-content\/uploads\/2021\/01\/Logo_PNG_BLACK.png?fit=1800%2C1070&ssl=1","contentUrl":"https:\/\/i0.wp.com\/custom-gear.ch\/wp-content\/uploads\/2021\/01\/Logo_PNG_BLACK.png?fit=1800%2C1070&ssl=1","width":1800,"height":1070,"caption":"Custom Gear Solutions - Kydex Holster"},"image":{"@id":"https:\/\/custom-gear.ch\/#\/schema\/logo\/image\/"},"sameAs":["https:\/\/www.instagram.com\/custom_gear.ch\/"]}]}},"jetpack_sharing_enabled":true,"_links":{"self":[{"href":"https:\/\/custom-gear.ch\/en\/wp-json\/wp\/v2\/pages\/578872","targetHints":{"allow":["GET"]}}],"collection":[{"href":"https:\/\/custom-gear.ch\/en\/wp-json\/wp\/v2\/pages"}],"about":[{"href":"https:\/\/custom-gear.ch\/en\/wp-json\/wp\/v2\/types\/page"}],"author":[{"embeddable":true,"href":"https:\/\/custom-gear.ch\/en\/wp-json\/wp\/v2\/users\/1"}],"replies":[{"embeddable":true,"href":"https:\/\/custom-gear.ch\/en\/wp-json\/wp\/v2\/comments?post=578872"}],"version-history":[{"count":34,"href":"https:\/\/custom-gear.ch\/en\/wp-json\/wp\/v2\/pages\/578872\/revisions"}],"predecessor-version":[{"id":749958,"href":"https:\/\/custom-gear.ch\/en\/wp-json\/wp\/v2\/pages\/578872\/revisions\/749958"}],"wp:attachment":[{"href":"https:\/\/custom-gear.ch\/en\/wp-json\/wp\/v2\/media?parent=578872"}],"curies":[{"name":"wp","href":"https:\/\/api.w.org\/{rel}","templated":true}]}}